{"id":864,"date":"2025-11-27T10:20:20","date_gmt":"2025-11-27T08:20:20","guid":{"rendered":"https:\/\/inca-spin.net\/app\/"},"modified":"2025-12-03T16:36:35","modified_gmt":"2025-12-03T14:36:35","slug":"app","status":"publish","type":"page","link":"https:\/\/inca-spin.net\/de\/app\/","title":{"rendered":"App"},"content":{"rendered":"<h1>Incaspin App f\u00fcr iOS und Android<\/h1>\n<p>Mit der Incaspin App k\u00f6nnen Sie alle Spiele eines Casinos direkt auf Ihrem Telefon spielen. Die App funktioniert reibungslos und gibt Ihnen sofortigen Zugriff auf Tausende von Spielen. Die Plattform unterst\u00fctzt Android, iOS und Webbrowser ohne Qualit\u00e4ts- oder Funktionsverluste. Mit der Progressive-Web-App-Technologie k\u00f6nnen Sie sofort mit dem Spielen beginnen, ohne auf einen langen Download warten zu m\u00fcssen.<\/p>\n<p><div class=\"banner-wrap\" aria-label=\"Banner\"><img src=\"https:\/\/inca-spin.net\/wp-content\/uploads\/2025\/06\/z4d0uaHjlc4sWned1EMP-1.webp\" class=\"w-100 d-none d-lg-block img-pc main-banner-img\" alt=\"Incaspin desktop banner\" fetchpriority=\"high\" decoding=\"async\"><img src=\"https:\/\/inca-spin.net\/wp-content\/uploads\/2025\/11\/Incaspin-mobile-banner.webp\" class=\"w-100 d-none d-md-block d-lg-none main-banner-img\" alt=\"Incaspin mobile banner\" fetchpriority=\"high\" decoding=\"async\"><img src=\"https:\/\/inca-spin.net\/wp-content\/uploads\/2025\/11\/Incaspin-mobile-banner.webp\" class=\"w-100 d-md-none\" alt=\"Incaspin mobile banner\" fetchpriority=\"high\" decoding=\"async\"><div class=\"banner-description\">\n<div class=\"banner-title\">Willkommensboni<\/div>\n<p class=\"banner-header-title\">\u20ac1,500<\/p>\n<div class=\"banner-header-AdditionalText\">+ 250 Freispiele<\/div>\n<button data-item=\"homepage_banner_link\" class=\"goto m-button m-gradient-border m-button--primary m-button--large banner-button btn-orange\">\n            <div class=\"m-button-content\">\n                <span>Jetzt anmelden<\/span>\n                <span><\/span>\n            <\/div>\n        <\/button>\n<\/div>\n<div class=\"WelcomePack\">\n<p><img loading=\"lazy\" decoding=\"async\" class=\"alignnone size-full wp-image-818\" src=\"https:\/\/inca-spin.net\/wp-content\/uploads\/2025\/11\/welcome-crown.svg\" alt=\"crown\" width=\"25\" height=\"26\" \/><\/p>\n<div class=\"WelcomePack-Info\">W\u00f6chentlicher Cashback von bis zu 25 %<\/div>\n<p><img loading=\"lazy\" decoding=\"async\" class=\"alignnone size-full wp-image-818\" src=\"https:\/\/inca-spin.net\/wp-content\/uploads\/2025\/11\/welcome-crown.svg\" alt=\"crown\" width=\"25\" height=\"26\" \/><\/p>\n<\/div>\n<\/div><div class=\"scrollable-content-wrap my-5\"><div class=\"scrollable-content-inner\"><h2>Incaspin App f\u00fcr Android-Ger\u00e4te<\/h2>\n<p>Android-Benutzer k\u00f6nnen \u00fcber eine Progressive Web App auf die Incaspin App zugreifen, die sie von der Casino-Website herunterladen k\u00f6nnen. Diese Methode umgeht die Einschr\u00e4nkungen des Google Play Stores und bietet dennoch die Erfahrung, die Sie von einer nativen Anwendung erwarten w\u00fcrden. Die Installation dauert nur eine Minute, und Sie ben\u00f6tigen keine besonderen Berechtigungen oder komplizierten Einrichtungsschritte.<\/p>\n<h3>Die App herunterladen<\/h3>\n<ol>\n<li>Besuchen Sie die offizielle Incaspin-Website mit Chrome oder einem anderen Android-Browser.<\/li>\n<li>Tippen Sie auf das Men\u00fcsymbol in der oberen rechten Ecke und w\u00e4hlen Sie den Bereich f\u00fcr mobile Apps aus den Einstellungen.<\/li>\n<li>Das System wird Sie auffordern, die Anwendung zu Ihrem Home-Bildschirm hinzuzuf\u00fcgen, wodurch ein sofortiger Shortcut erstellt wird, der die vollst\u00e4ndige Casino-Oberfl\u00e4che startet.<\/li>\n<li>W\u00e4hlen Sie \u201eZum Home-Bildschirm hinzuf\u00fcgen\u201c und tippen Sie auf \u201eHinzuf\u00fcgen\u201c, um die Installation abzuschlie\u00dfen.<\/li>\n<\/ol>\n<p>Das Symbol erscheint sofort auf Ihrem Home-Bildschirm und ist startbereit mit einem einzigen Tipp, wann immer Sie spielen m\u00f6chten.<\/p>\n<\/div><\/div><div style=\"clear: both\"><\/div><div class=\"d-flex justify-content-center\"><button data-item=\"decouvrez_link\" data-group=\"website_links\" class=\"goto fw-bold rounded-pill btn btn-orange\" aria-label=\"Laden Sie die Incaspin-App herunter\" >Laden Sie die Incaspin-App herunter<\/button><\/div><div class=\"scrollable-content-wrap my-5\"><div class=\"scrollable-content-inner\"><h2>App f\u00fcr iOS erhalten<\/h2>\n<p>iOS-Ger\u00e4te k\u00f6nnen \u00fcber die Progressive-Web-App-Funktionen von Safari auf Incaspin zugreifen, die wie native Apps funktionieren, ohne dass etwas aus dem App Store heruntergeladen werden muss. Touch-Bedienelemente und responsives Design sorgen f\u00fcr die gleiche Erfahrung f\u00fcr iPhone- und iPad-Benutzer.<\/p>\n<h3>Die iOS-App herunterladen<\/h3>\n<ol>\n<li>\u00d6ffnen Sie Safari und gehen Sie zur Incaspin-Casino-Website.<\/li>\n<li>Tippen Sie auf die Teilen-Schaltfl\u00e4che am unteren Bildschirmrand, die wie ein Quadrat mit einem nach oben zeigenden Pfeil aussieht.<\/li>\n<li>Scrollen Sie durch die Optionen und tippen Sie im Men\u00fc auf \u201eZum Home-Bildschirm hinzuf\u00fcgen\u201c.<\/li>\n<li>\u00c4ndern Sie bei Bedarf den Anwendungsnamen und tippen Sie zum Abschluss der Installation in der oberen rechten Ecke auf \u201eHinzuf\u00fcgen\u201c.<\/li>\n<\/ol>\n<p>Das Incaspin-Symbol befindet sich nun neben Ihren anderen Apps, sodass Sie leicht darauf zugreifen k\u00f6nnen, ohne viel Speicherplatz auf Ihrem Ger\u00e4t zu belegen. Wenn Sie Probleme mit der Installation oder dem Verifizierungsprozess haben, wenden Sie sich \u00fcber den Live-Chat oder per E-Mail an das Support-Team.<\/p>\n<p><img loading=\"lazy\" decoding=\"async\" src=\"https:\/\/inca-spin.net\/wp-content\/uploads\/2025\/11\/Incaspin-iOS.webp\" alt=\"Incaspin iOS\" width=\"1248\" height=\"536\" \/><\/p>\n<\/div><\/div><div style=\"clear: both\"><\/div><div class=\"d-flex justify-content-center\"><button data-item=\"decouvrez_link\" data-group=\"website_links\" class=\"goto fw-bold rounded-pill btn btn-orange\" aria-label=\"Incaspin herunterladen\" >Incaspin herunterladen<\/button><\/div><div class=\"scrollable-content-wrap my-5\"><div class=\"scrollable-content-inner\"><h2>Inca Spin im Web spielen<\/h2>\n<p>Desktop-Spieler k\u00f6nnen jeden modernen Webbrowser nutzen, um auf die gesamte Incaspin-Plattform zuzugreifen, ohne zus\u00e4tzliche Software herunterladen zu m\u00fcssen. Chrome, Safari, Firefox und Edge k\u00f6nnen alle f\u00fcr den Zugriff auf die webbasierte Oberfl\u00e4che des Casinos verwendet werden, die die gleichen Funktionen wie die mobilen Versionen bietet. Das responsive Design passt sich basierend auf der Gr\u00f6\u00dfe Ihres Bildschirms an, unabh\u00e4ngig davon, ob Sie einen Laptop, einen Desktop-Monitor oder ein Tablet im Querformat verwenden.<\/p>\n<p>Um einen Desktop-Shortcut zu erstellen, gehen Sie zur Casino-Website und verwenden Sie die Lesezeichen- oder Shortcut-Tools in Ihrem Browser. Windows-Benutzer k\u00f6nnen die URL auf ihren Desktop ziehen, w\u00e4hrend Mac-Benutzer die Site zu ihrem Dock hinzuf\u00fcgen k\u00f6nnen. Die webbasierte Methode erm\u00f6glicht es Ihnen, die neueste Version zu spielen, ohne sich um manuelle Updates oder Kompatibilit\u00e4tsprobleme k\u00fcmmern zu m\u00fcssen.<\/p>\n<p><img loading=\"lazy\" decoding=\"async\" src=\"https:\/\/inca-spin.net\/wp-content\/uploads\/2025\/11\/Incaspin-Desktop.webp\" alt=\"Incaspin Desktop\" width=\"1248\" height=\"536\" \/><\/p>\n<\/div><\/div><div style=\"clear: both\"><\/div><div class=\"d-flex justify-content-center\"><button data-item=\"decouvrez_link\" data-group=\"website_links\" class=\"goto fw-bold rounded-pill btn btn-orange\" aria-label=\"Laden Sie die Incaspin-App herunter\" >Laden Sie die Incaspin-App herunter<\/button><\/div><div class=\"scrollable-content-wrap my-5\"><div class=\"scrollable-content-inner\"><h2>Vorteile und Funktionen der Incaspin App<\/h2>\n<table>\n<tbody>\n<tr>\n<td>Besonderheit<\/td>\n<td>Mobile App<\/td>\n<td>Desktop-Browser<\/td>\n<\/tr>\n<tr>\n<td>Installationszeit<\/td>\n<td>Unter 60 Sekunden<\/td>\n<td>Sofortiger Zugriff<\/td>\n<\/tr>\n<tr>\n<td>Lagerung erforderlich<\/td>\n<td>Minimal (unter 5 MB)<\/td>\n<td>Kein Speicherplatz erforderlich<\/td>\n<\/tr>\n<tr>\n<td>Spielebibliothek<\/td>\n<td>Vollst\u00e4ndiger Katalog verf\u00fcgbar<\/td>\n<td>Vollst\u00e4ndiger Katalog verf\u00fcgbar<\/td>\n<\/tr>\n<tr>\n<td>Touch-Bedienelemente<\/td>\n<td>F\u00fcr Mobilger\u00e4te optimiert<\/td>\n<td>Maus und Tastatur<\/td>\n<\/tr>\n<\/tbody>\n<\/table>\n<p>Die mobile Anwendung ist leichter zu transportieren, schm\u00e4lert aber nicht das Spielerlebnis, das Sie auf einem Desktop erwarten. Auf Smartphones und Tablets funktioniert jeder Spielautomat, jedes Tischspiel und jedes Live-Dealer-Spiel in der Hauptbibliothek einwandfrei. Unabh\u00e4ngig von der Gr\u00f6\u00dfe Ihres Ger\u00e4ts passt sich die Oberfl\u00e4che automatisch an Ihren Bildschirm an. So k\u00f6nnen Sie weiterhin problemlos auf Schaltfl\u00e4chen zugreifen und klare Grafiken sehen.<\/p>\n<p>F\u00fcr viele Spieltypen machen f\u00fcr Touch optimierte Steuerungen das Spielen auf dem Mobilger\u00e4t einfacher als mit einer Maus. Verwenden Sie nat\u00fcrliche Gesten, um die Online-Slots zu drehen, Wetten zu platzieren und Spiel-Details heranzuzoomen.<\/p>\n<p>Es gibt keinen Offline-Modus, da alle Spiele mit einem Server verbunden sein m\u00fcssen, um faires Spiel und Echtgeld-Transaktionen zu gew\u00e4hrleisten. Aber die App startet schneller, als einen mobilen Browser zu \u00f6ffnen und die Webadresse einzugeben. Dies spart Zeit, wenn Sie sofort mit dem Spielen beginnen m\u00f6chten. Mit dem dedizierten Home-Bildschirm-Symbol m\u00fcssen Sie sich keine URLs merken oder in den Lesezeichen Ihres Browsers nach der Seite suchen.<\/p>\n<p>Alle Daten\u00fcbertragungen sind durch 256-Bit-SSL-Verschl\u00fcsselung gesch\u00fctzt, das gleiche Sicherheitsniveau, das auf Desktop-Computern verwendet wird. Alle Transaktionen werden \u00fcber sichere Serververbindungen abgewickelt, daher speichert die Anwendung niemals sensible Zahlungsinformationen auf Ihrem Ger\u00e4t.<\/p>\n<p>Die Leistung ist bei allen Ger\u00e4tegenerationen gleich. \u00c4ltere Smartphones k\u00f6nnen die App genauso reibungslos ausf\u00fchren wie die neuesten Modelle. Die Progressive-Web-App-Architektur ben\u00f6tigt nur eine geringe Menge an Systemressourcen und funktioniert daher auf Ger\u00e4ten, die in den letzten Jahren ver\u00f6ffentlicht wurden. Regelm\u00e4\u00dfige automatische Updates f\u00fcgen neue Funktionen hinzu und machen die Anwendung sicherer, ohne dass Sie sie jedes Mal aus App-Stores herunterladen m\u00fcssen.<\/p>\n<h2>FAQ<\/h2>\n<h3>Funktioniert die Inca Spin App sowohl unter iOS als auch Android?<\/h3>\n<p>Ja, die Incaspin-Anwendung funktioniert sowohl auf iOS- als auch auf Android-Ger\u00e4ten dank Progressive-Web-App-Technologie. Android-Benutzer k\u00f6nnen sie direkt von der Casino-Website mit Chrome herunterladen, w\u00e4hrend iOS-Benutzer sie \u00fcber das Teilen-Men\u00fc in Safari herunterladen k\u00f6nnen. Beide Versionen geben Ihnen Zugriff auf die vollst\u00e4ndige Spielebibliothek und die gleichen Funktionen.<\/p>\n<h3>Muss ich die App manuell aktualisieren?<\/h3>\n<p>Die App aktualisiert sich jedes Mal automatisch, wenn Sie sie \u00f6ffnen, sodass Sie nichts tun m\u00fcssen. Wenn Sie die Plattform starten, liefert Ihnen die Progressive-Web-App-Architektur sofort die neuesten Funktionen und eine bessere Sicherheit.<\/p>\n<h3>Kann ich alle Spiele auf meinem Telefon spielen?<\/h3>\n<p>Jedes Spiel im Katalog von Incaspin kann unterwegs mit der mobilen Casino-App gespielt werden. Die Slots, Tischspiele, Live-Dealer-Spiele und Spezialspiele funktionieren alle genauso wie auf Ihrem Computer. Die Spieleentwickler stellen sicher, dass ihre Spiele auf allen Ger\u00e4ten gut funktionieren, indem sie ihre Inhalte f\u00fcr das mobile Spielen optimieren.<\/p>\n<h3>Sind Sie sicher, dass die App genauso sicher ist wie die Website?<\/h3>\n<p>Die Verschl\u00fcsselungsstandards und Authentifizierungsprotokolle, die f\u00fcr Mobilger\u00e4te verwendet werden, sind die gleichen wie die f\u00fcr Desktop-Computer. Die Anwendung verwendet die gleichen sicheren Server und Datensicherheitsma\u00dfnahmen wie die Website, um Ihre Informationen sicher zu halten.<\/p>\n<\/div><\/div><\/p>\n","protected":false},"excerpt":{"rendered":"<p>Incaspin App f\u00fcr iOS und Android Mit der Incaspin App k\u00f6nnen Sie alle Spiele eines Casinos direkt auf Ihrem Telefon spielen. Die App funktioniert reibungslos und gibt Ihnen sofortigen Zugriff auf Tausende von Spielen. Die Plattform unterst\u00fctzt Android, iOS und Webbrowser ohne Qualit\u00e4ts- oder Funktionsverluste. Mit der Progressive-Web-App-Technologie k\u00f6nnen Sie sofort mit dem Spielen beginnen, [&hellip;]<\/p>\n","protected":false},"author":1,"featured_media":0,"parent":0,"menu_order":0,"comment_status":"closed","ping_status":"closed","template":"template-builder.php","meta":{"_acf_changed":false,"inline_featured_image":false,"footnotes":""},"class_list":["post-864","page","type-page","status-publish","hentry"],"acf":[],"yoast_head":"<!-- This site is optimized with the Yoast SEO plugin v27.3 - https:\/\/yoast.com\/product\/yoast-seo-wordpress\/ -->\n<title>Incaspin Casino App herunterladen | Unterwegs spielen<\/title>\n<meta name=\"description\" content=\"Deine Lieblings-Slots sind jederzeit auf deinem Smartphone oder Tablet spielbereit. Lade die Inca Spin App herunter und spiele sofort los \u2013 alle deine Kontodaten, Zahlungsmethoden und Boni sind perfekt synchronisiert.\" \/>\n<meta name=\"robots\" content=\"index, follow, max-snippet:-1, max-image-preview:large, max-video-preview:-1\" \/>\n<link rel=\"canonical\" href=\"https:\/\/inca-spin.net\/de\/app\/\" \/>\n<meta property=\"og:locale\" content=\"de_DE\" \/>\n<meta property=\"og:type\" content=\"article\" \/>\n<meta property=\"og:title\" content=\"Incaspin Casino App herunterladen | Unterwegs spielen\" \/>\n<meta property=\"og:description\" content=\"Deine Lieblings-Slots sind jederzeit auf deinem Smartphone oder Tablet spielbereit. Lade die Inca Spin App herunter und spiele sofort los \u2013 alle deine Kontodaten, Zahlungsmethoden und Boni sind perfekt synchronisiert.\" \/>\n<meta property=\"og:url\" content=\"https:\/\/inca-spin.net\/de\/app\/\" \/>\n<meta property=\"og:site_name\" content=\"incaspin\" \/>\n<meta property=\"article:modified_time\" content=\"2025-12-03T14:36:35+00:00\" \/>\n<meta name=\"twitter:card\" content=\"summary_large_image\" \/>\n<meta name=\"twitter:label1\" content=\"Gesch\u00e4tzte Lesezeit\" \/>\n\t<meta name=\"twitter:data1\" content=\"1\u00a0Minute\" \/>\n<script type=\"application\/ld+json\" class=\"yoast-schema-graph\">{\"@context\":\"https:\\\/\\\/schema.org\",\"@graph\":[{\"@type\":\"WebPage\",\"@id\":\"https:\\\/\\\/inca-spin.net\\\/de\\\/app\\\/\",\"url\":\"https:\\\/\\\/inca-spin.net\\\/de\\\/app\\\/\",\"name\":\"Incaspin Casino App herunterladen | Unterwegs spielen\",\"isPartOf\":{\"@id\":\"https:\\\/\\\/inca-spin.net\\\/de\\\/#website\"},\"datePublished\":\"2025-11-27T08:20:20+00:00\",\"dateModified\":\"2025-12-03T14:36:35+00:00\",\"description\":\"Deine Lieblings-Slots sind jederzeit auf deinem Smartphone oder Tablet spielbereit. Lade die Inca Spin App herunter und spiele sofort los \u2013 alle deine Kontodaten, Zahlungsmethoden und Boni sind perfekt synchronisiert.\",\"breadcrumb\":{\"@id\":\"https:\\\/\\\/inca-spin.net\\\/de\\\/app\\\/#breadcrumb\"},\"inLanguage\":\"de\",\"potentialAction\":[{\"@type\":\"ReadAction\",\"target\":[\"https:\\\/\\\/inca-spin.net\\\/de\\\/app\\\/\"]}]},{\"@type\":\"BreadcrumbList\",\"@id\":\"https:\\\/\\\/inca-spin.net\\\/de\\\/app\\\/#breadcrumb\",\"itemListElement\":[{\"@type\":\"ListItem\",\"position\":1,\"name\":\"Incaspin\",\"item\":\"https:\\\/\\\/inca-spin.net\\\/de\\\/\"},{\"@type\":\"ListItem\",\"position\":2,\"name\":\"App\"}]},{\"@type\":\"WebSite\",\"@id\":\"https:\\\/\\\/inca-spin.net\\\/de\\\/#website\",\"url\":\"https:\\\/\\\/inca-spin.net\\\/de\\\/\",\"name\":\"Incaspin\",\"description\":\"\",\"publisher\":{\"@id\":\"https:\\\/\\\/inca-spin.net\\\/de\\\/#organization\"},\"potentialAction\":[{\"@type\":\"SearchAction\",\"target\":{\"@type\":\"EntryPoint\",\"urlTemplate\":\"https:\\\/\\\/inca-spin.net\\\/de\\\/?s={search_term_string}\"},\"query-input\":{\"@type\":\"PropertyValueSpecification\",\"valueRequired\":true,\"valueName\":\"search_term_string\"}}],\"inLanguage\":\"de\"},{\"@type\":\"Organization\",\"@id\":\"https:\\\/\\\/inca-spin.net\\\/de\\\/#organization\",\"name\":\"Incaspin\",\"url\":\"https:\\\/\\\/inca-spin.net\\\/de\\\/\",\"logo\":{\"@type\":\"ImageObject\",\"inLanguage\":\"de\",\"@id\":\"https:\\\/\\\/inca-spin.net\\\/de\\\/#\\\/schema\\\/logo\\\/image\\\/\",\"url\":\"https:\\\/\\\/inca-spin.net\\\/wp-content\\\/uploads\\\/2025\\\/06\\\/80u1FaquEZeR6OUTeJCc-1.svg\",\"contentUrl\":\"https:\\\/\\\/inca-spin.net\\\/wp-content\\\/uploads\\\/2025\\\/06\\\/80u1FaquEZeR6OUTeJCc-1.svg\",\"width\":63,\"height\":24,\"caption\":\"Incaspin\"},\"image\":{\"@id\":\"https:\\\/\\\/inca-spin.net\\\/de\\\/#\\\/schema\\\/logo\\\/image\\\/\"}}]}<\/script>\n<!-- \/ Yoast SEO plugin. -->","yoast_head_json":{"title":"Incaspin Casino App herunterladen | Unterwegs spielen","description":"Deine Lieblings-Slots sind jederzeit auf deinem Smartphone oder Tablet spielbereit. Lade die Inca Spin App herunter und spiele sofort los \u2013 alle deine Kontodaten, Zahlungsmethoden und Boni sind perfekt synchronisiert.","robots":{"index":"index","follow":"follow","max-snippet":"max-snippet:-1","max-image-preview":"max-image-preview:large","max-video-preview":"max-video-preview:-1"},"canonical":"https:\/\/inca-spin.net\/de\/app\/","og_locale":"de_DE","og_type":"article","og_title":"Incaspin Casino App herunterladen | Unterwegs spielen","og_description":"Deine Lieblings-Slots sind jederzeit auf deinem Smartphone oder Tablet spielbereit. Lade die Inca Spin App herunter und spiele sofort los \u2013 alle deine Kontodaten, Zahlungsmethoden und Boni sind perfekt synchronisiert.","og_url":"https:\/\/inca-spin.net\/de\/app\/","og_site_name":"incaspin","article_modified_time":"2025-12-03T14:36:35+00:00","twitter_card":"summary_large_image","twitter_misc":{"Gesch\u00e4tzte Lesezeit":"1\u00a0Minute"},"schema":{"@context":"https:\/\/schema.org","@graph":[{"@type":"WebPage","@id":"https:\/\/inca-spin.net\/de\/app\/","url":"https:\/\/inca-spin.net\/de\/app\/","name":"Incaspin Casino App herunterladen | Unterwegs spielen","isPartOf":{"@id":"https:\/\/inca-spin.net\/de\/#website"},"datePublished":"2025-11-27T08:20:20+00:00","dateModified":"2025-12-03T14:36:35+00:00","description":"Deine Lieblings-Slots sind jederzeit auf deinem Smartphone oder Tablet spielbereit. Lade die Inca Spin App herunter und spiele sofort los \u2013 alle deine Kontodaten, Zahlungsmethoden und Boni sind perfekt synchronisiert.","breadcrumb":{"@id":"https:\/\/inca-spin.net\/de\/app\/#breadcrumb"},"inLanguage":"de","potentialAction":[{"@type":"ReadAction","target":["https:\/\/inca-spin.net\/de\/app\/"]}]},{"@type":"BreadcrumbList","@id":"https:\/\/inca-spin.net\/de\/app\/#breadcrumb","itemListElement":[{"@type":"ListItem","position":1,"name":"Incaspin","item":"https:\/\/inca-spin.net\/de\/"},{"@type":"ListItem","position":2,"name":"App"}]},{"@type":"WebSite","@id":"https:\/\/inca-spin.net\/de\/#website","url":"https:\/\/inca-spin.net\/de\/","name":"Incaspin","description":"","publisher":{"@id":"https:\/\/inca-spin.net\/de\/#organization"},"potentialAction":[{"@type":"SearchAction","target":{"@type":"EntryPoint","urlTemplate":"https:\/\/inca-spin.net\/de\/?s={search_term_string}"},"query-input":{"@type":"PropertyValueSpecification","valueRequired":true,"valueName":"search_term_string"}}],"inLanguage":"de"},{"@type":"Organization","@id":"https:\/\/inca-spin.net\/de\/#organization","name":"Incaspin","url":"https:\/\/inca-spin.net\/de\/","logo":{"@type":"ImageObject","inLanguage":"de","@id":"https:\/\/inca-spin.net\/de\/#\/schema\/logo\/image\/","url":"https:\/\/inca-spin.net\/wp-content\/uploads\/2025\/06\/80u1FaquEZeR6OUTeJCc-1.svg","contentUrl":"https:\/\/inca-spin.net\/wp-content\/uploads\/2025\/06\/80u1FaquEZeR6OUTeJCc-1.svg","width":63,"height":24,"caption":"Incaspin"},"image":{"@id":"https:\/\/inca-spin.net\/de\/#\/schema\/logo\/image\/"}}]}},"_links":{"self":[{"href":"https:\/\/inca-spin.net\/de\/wp-json\/wp\/v2\/pages\/864","targetHints":{"allow":["GET"]}}],"collection":[{"href":"https:\/\/inca-spin.net\/de\/wp-json\/wp\/v2\/pages"}],"about":[{"href":"https:\/\/inca-spin.net\/de\/wp-json\/wp\/v2\/types\/page"}],"author":[{"embeddable":true,"href":"https:\/\/inca-spin.net\/de\/wp-json\/wp\/v2\/users\/1"}],"replies":[{"embeddable":true,"href":"https:\/\/inca-spin.net\/de\/wp-json\/wp\/v2\/comments?post=864"}],"version-history":[{"count":2,"href":"https:\/\/inca-spin.net\/de\/wp-json\/wp\/v2\/pages\/864\/revisions"}],"predecessor-version":[{"id":1188,"href":"https:\/\/inca-spin.net\/de\/wp-json\/wp\/v2\/pages\/864\/revisions\/1188"}],"wp:attachment":[{"href":"https:\/\/inca-spin.net\/de\/wp-json\/wp\/v2\/media?parent=864"}],"curies":[{"name":"wp","href":"https:\/\/api.w.org\/{rel}","templated":true}]}}