{"id":872,"date":"2025-11-27T10:20:20","date_gmt":"2025-11-27T08:20:20","guid":{"rendered":"https:\/\/inca-spin.net\/app\/"},"modified":"2025-12-04T09:29:30","modified_gmt":"2025-12-04T07:29:30","slug":"aplicacion","status":"publish","type":"page","link":"https:\/\/inca-spin.net\/es\/aplicacion\/","title":{"rendered":"Aplicaci\u00f3n"},"content":{"rendered":"<h1>Aplicaci\u00f3n de Incaspin para iOS y Android<\/h1>\n<p>Con la Incaspin app, puedes jugar a todos los juegos de un casino directamente en tu tel\u00e9fono. La aplicaci\u00f3n funciona sin problemas y te da acceso instant\u00e1neo a miles de juegos. La plataforma admite el juego en Android, iOS y navegadores web sin sacrificar calidad ni caracter\u00edsticas. Con la tecnolog\u00eda de aplicaci\u00f3n web progresiva, puedes empezar a jugar inmediatamente, sin tener que esperar una descarga larga.<\/p>\n<p><div class=\"banner-wrap\" aria-label=\"Banner\"><img src=\"https:\/\/inca-spin.net\/wp-content\/uploads\/2025\/06\/z4d0uaHjlc4sWned1EMP-1.webp\" class=\"w-100 d-none d-lg-block img-pc main-banner-img\" alt=\"Incaspin desktop banner\" fetchpriority=\"high\" decoding=\"async\"><img src=\"https:\/\/inca-spin.net\/wp-content\/uploads\/2025\/11\/Incaspin-mobile-banner.webp\" class=\"w-100 d-none d-md-block d-lg-none main-banner-img\" alt=\"Incaspin mobile banner\" fetchpriority=\"high\" decoding=\"async\"><img src=\"https:\/\/inca-spin.net\/wp-content\/uploads\/2025\/11\/Incaspin-mobile-banner.webp\" class=\"w-100 d-md-none\" alt=\"Incaspin mobile banner\" fetchpriority=\"high\" decoding=\"async\"><div class=\"banner-description\">\n<div class=\"banner-title\">Bonos de bienvenida<\/div>\n<p class=\"banner-header-title\">\u20ac1,500<\/p>\n<div class=\"banner-header-AdditionalText\">+ 250 Tiradas gratis<\/div>\n<button data-item=\"homepage_banner_link\" class=\"goto m-button m-gradient-border m-button--primary m-button--large banner-button btn-orange\">\n            <div class=\"m-button-content\">\n                <span>Reg\u00edstrate ahora<\/span>\n                <span><\/span>\n            <\/div>\n        <\/button>\n<\/div>\n<div class=\"WelcomePack\">\n<p><img loading=\"lazy\" decoding=\"async\" class=\"alignnone size-full wp-image-818\" src=\"https:\/\/inca-spin.net\/wp-content\/uploads\/2025\/11\/welcome-crown.svg\" alt=\"crown\" width=\"25\" height=\"26\" \/><\/p>\n<div class=\"WelcomePack-Info\">Reembolso semanal de hasta el 25 %<\/div>\n<p><img loading=\"lazy\" decoding=\"async\" class=\"alignnone size-full wp-image-818\" src=\"https:\/\/inca-spin.net\/wp-content\/uploads\/2025\/11\/welcome-crown.svg\" alt=\"crown\" width=\"25\" height=\"26\" \/><\/p>\n<\/div>\n<\/div><div class=\"scrollable-content-wrap my-5\"><div class=\"scrollable-content-inner\"><h2>Aplicaci\u00f3n de Incaspin para Dispositivos Android<\/h2>\n<p>Los usuarios de Android pueden acceder a la aplicaci\u00f3n de Incaspin a trav\u00e9s de una aplicaci\u00f3n web progresiva que pueden descargar desde el sitio web del casino. Este m\u00e9todo evita las restricciones de Google Play Store y a la vez te brinda la experiencia que esperar\u00edas de una aplicaci\u00f3n nativa. La instalaci\u00f3n solo toma un minuto y no necesitas permisos especiales ni pasos de configuraci\u00f3n complicados.<\/p>\n<h3>Descargar la Aplicaci\u00f3n<\/h3>\n<ol>\n<li>Visita el sitio web oficial de Incaspin usando Chrome o cualquier navegador Android.<\/li>\n<li>Toca el icono del men\u00fa en la esquina superior derecha y elige la secci\u00f3n de la aplicaci\u00f3n m\u00f3vil en la configuraci\u00f3n.<\/li>\n<li>El sistema te pedir\u00e1 que agregues la aplicaci\u00f3n a tu pantalla de inicio, creando un acceso directo instant\u00e1neo que inicia la interfaz completa del casino.<\/li>\n<li>Elige &#8220;A\u00f1adir a la pantalla de inicio&#8221; y toca &#8220;A\u00f1adir&#8221; para completar la instalaci\u00f3n.<\/li>\n<\/ol>\n<p>El icono aparece inmediatamente en tu pantalla de inicio, listo para iniciarse con un solo toque cuando quieras jugar.<\/p>\n<p><img loading=\"lazy\" decoding=\"async\" src=\"https:\/\/inca-spin.net\/wp-content\/uploads\/2025\/11\/Incaspin-Android.webp\" alt=\"Incaspin Android\" width=\"1248\" height=\"536\" \/><\/p>\n<\/div><\/div><div style=\"clear: both\"><\/div><div class=\"d-flex justify-content-center\"><button data-item=\"decouvrez_link\" data-group=\"website_links\" class=\"goto fw-bold rounded-pill btn btn-orange\" aria-label=\"Descarga la aplicaci\u00f3n Incaspin\" >Descarga la aplicaci\u00f3n Incaspin<\/button><\/div><div class=\"scrollable-content-wrap my-5\"><div class=\"scrollable-content-inner\"><h2>Obtener la Aplicaci\u00f3n para iOS<\/h2>\n<p>Los dispositivos iOS pueden acceder a Incaspin a trav\u00e9s de las funciones de aplicaci\u00f3n web progresiva de Safari, que funcionan como aplicaciones nativas sin descargar nada de la App Store. Los controles t\u00e1ctiles y el dise\u00f1o responsivo hacen que la experiencia sea la misma para usuarios de iPhone y iPad.<\/p>\n<h3>Descargar la Aplicaci\u00f3n para iOS<\/h3>\n<ol>\n<li>Abre Safari y ve al sitio web del casino Incaspin.<\/li>\n<li>Toca el bot\u00f3n Compartir en la parte inferior de la pantalla, que parece un cuadrado con una flecha hacia arriba.<\/li>\n<li>Despl\u00e1zate por las opciones y toca &#8220;A\u00f1adir a la Pantalla de Inicio&#8221; en el men\u00fa.<\/li>\n<li>Cambia el nombre de la aplicaci\u00f3n si es necesario y toca &#8220;A\u00f1adir&#8221; en la esquina superior derecha para completar la instalaci\u00f3n.<\/li>\n<\/ol>\n<p>El icono de Incaspin ahora est\u00e1 junto a tus otras aplicaciones, facilitando el acceso sin ocupar mucho espacio en tu dispositivo. Si experimentas alg\u00fan problema con la instalaci\u00f3n o el proceso de verificaci\u00f3n, contacta al equipo de soporte a trav\u00e9s del chat en vivo o correo electr\u00f3nico.<\/p>\n<p><img loading=\"lazy\" decoding=\"async\" src=\"https:\/\/inca-spin.net\/wp-content\/uploads\/2025\/11\/Incaspin-iOS.webp\" alt=\"Incaspin iOS\" width=\"1248\" height=\"536\" \/><\/p>\n<\/div><\/div><div style=\"clear: both\"><\/div><div class=\"d-flex justify-content-center\"><button data-item=\"decouvrez_link\" data-group=\"website_links\" class=\"goto fw-bold rounded-pill btn btn-orange\" aria-label=\"Descargar Incaspin\" >Descargar Incaspin<\/button><\/div><div class=\"scrollable-content-wrap my-5\"><div class=\"scrollable-content-inner\"><h2>Jugar a Inca Spin en la Web<\/h2>\n<p>Los jugadores de escritorio pueden usar cualquier navegador web moderno para acceder a la plataforma completa de Incaspin, sin necesidad de descargar software adicional. Chrome, Safari, Firefox y Edge pueden usarse para acceder a la interfaz web del casino, que tiene todas las mismas caracter\u00edsticas que las versiones m\u00f3viles. El dise\u00f1o responsivo se adapta seg\u00fan el tama\u00f1o de tu pantalla, ya sea en una laptop, un monitor de escritorio o una tableta en modo horizontal.<\/p>\n<p>Para crear un acceso directo en el escritorio, ve al sitio web del casino y usa las herramientas de marcadores o accesos directos de tu navegador. Los usuarios de Windows pueden arrastrar la URL a su escritorio, mientras que los usuarios de Mac pueden agregar el sitio a su Dock. El m\u00e9todo basado en la web te permite jugar la versi\u00f3n m\u00e1s reciente sin tener que preocuparte por actualizaciones manuales o problemas de compatibilidad.<\/p>\n<p><img loading=\"lazy\" decoding=\"async\" src=\"https:\/\/inca-spin.net\/wp-content\/uploads\/2025\/11\/Incaspin-Desktop.webp\" alt=\"Incaspin Desktop\" width=\"1248\" height=\"536\" \/><\/p>\n<\/div><\/div><div style=\"clear: both\"><\/div><div class=\"d-flex justify-content-center\"><button data-item=\"decouvrez_link\" data-group=\"website_links\" class=\"goto fw-bold rounded-pill btn btn-orange\" aria-label=\"Descarga la aplicaci\u00f3n Incaspin\" >Descarga la aplicaci\u00f3n Incaspin<\/button><\/div><div class=\"scrollable-content-wrap my-5\"><div class=\"scrollable-content-inner\"><h2>Beneficios y Caracter\u00edsticas de la Aplicaci\u00f3n Incaspin<\/h2>\n<table>\n<tbody>\n<tr>\n<td>Caracter\u00edstica<\/td>\n<td>Aplicaci\u00f3n M\u00f3vil<\/td>\n<td>Navegador de Escritorio<\/td>\n<\/tr>\n<tr>\n<td>Tiempo de Instalaci\u00f3n<\/td>\n<td>Menos de 60 segundos<\/td>\n<td>Acceso instant\u00e1neo<\/td>\n<\/tr>\n<tr>\n<td>Almacenamiento Requerido<\/td>\n<td>M\u00ednimo (menos de 5 MB)<\/td>\n<td>No requiere almacenamiento<\/td>\n<\/tr>\n<tr>\n<td>Biblioteca de Juegos<\/td>\n<td>Cat\u00e1logo completo disponible<\/td>\n<td>Cat\u00e1logo completo disponible<\/td>\n<\/tr>\n<tr>\n<td>Controles T\u00e1ctiles<\/td>\n<td>Optimizado para m\u00f3viles<\/td>\n<td>Rat\u00f3n y teclado<\/td>\n<\/tr>\n<\/tbody>\n<\/table>\n<p>La aplicaci\u00f3n m\u00f3vil es m\u00e1s f\u00e1cil de llevar contigo, pero no resta nada a la experiencia de juego que obtendr\u00edas en un escritorio. En tel\u00e9fonos inteligentes y tabletas, cada tragaperras, juego de mesa y juego de dealer en vivo de la biblioteca principal funciona perfectamente. No importa el tama\u00f1o del dispositivo que uses, la interfaz se ajustar\u00e1 autom\u00e1ticamente para adaptarse a tu pantalla. De esta manera, a\u00fan puedes acceder f\u00e1cilmente a los botones y ver gr\u00e1ficos claros.<\/p>\n<p>Para muchos tipos de juegos, los controles optimizados para pantallas t\u00e1ctiles facilitan el juego en m\u00f3viles en comparaci\u00f3n con el uso de un rat\u00f3n. Usa gestos naturales para girar los carretes de las tragaperras en l\u00ednea, colocar apuestas y hacer zoom en los detalles del juego.<\/p>\n<p>No hay modo sin conexi\u00f3n porque todos los juegos necesitan estar conectados a un servidor para un juego justo y transacciones con dinero real. Pero la aplicaci\u00f3n se inicia m\u00e1s r\u00e1pido que abrir un navegador m\u00f3vil y escribir la direcci\u00f3n del sitio web. Esto ahorra tiempo cuando quieres empezar a jugar de inmediato. Con el icono dedicado en la pantalla de inicio, no tienes que recordar URL ni buscar entre los marcadores de tu navegador para encontrar lo que necesitas.<\/p>\n<p>Todas las transferencias de datos est\u00e1n protegidas por encriptaci\u00f3n SSL de 256 bits, el mismo nivel de seguridad utilizado en las computadoras de escritorio. Todas las transacciones se manejan a trav\u00e9s de conexiones seguras de servidor, por lo que la aplicaci\u00f3n nunca almacena informaci\u00f3n de pago confidencial en tu dispositivo.<\/p>\n<p>El rendimiento es el mismo en todas las generaciones de dispositivos. Los tel\u00e9fonos inteligentes m\u00e1s antiguos pueden ejecutar la aplicaci\u00f3n con la misma fluidez que los \u00faltimos modelos. La arquitectura de aplicaci\u00f3n web progresiva solo necesita una peque\u00f1a cantidad de recursos del sistema, por lo que funciona en dispositivos lanzados en los \u00faltimos a\u00f1os. Las actualizaciones autom\u00e1ticas regulares agregan nuevas funciones y hacen que la aplicaci\u00f3n sea m\u00e1s segura, por lo que no tienes que descargarlas de las tiendas de aplicaciones cada vez.<\/p>\n<h2>Preguntas Frecuentes (FAQ)<\/h2>\n<h3>\u00bfFunciona la aplicaci\u00f3n de Inca Spin tanto en iOS como en Android?<\/h3>\n<p>S\u00ed, la aplicaci\u00f3n de Incaspin funciona tanto en dispositivos iOS como Android gracias a la tecnolog\u00eda de aplicaci\u00f3n web progresiva. Los usuarios de Android pueden descargarla directamente desde el sitio web del casino usando Chrome, mientras que los usuarios de iOS pueden hacerlo a trav\u00e9s del men\u00fa compartir en Safari. Ambas versiones te dan acceso a la biblioteca completa de juegos y a las mismas caracter\u00edsticas.<\/p>\n<h3>\u00bfTengo que actualizar la aplicaci\u00f3n manualmente?<\/h3>\n<p>La aplicaci\u00f3n se actualiza autom\u00e1ticamente cada vez que la abres, por lo que no tienes que hacer nada. Cuando inicias la plataforma, la arquitectura de aplicaci\u00f3n web progresiva te brinda las funciones m\u00e1s nuevas y una mejor seguridad de inmediato.<\/p>\n<h3>\u00bfPuedo jugar a todos los juegos en mi tel\u00e9fono?<\/h3>\n<p>Cada juego en el cat\u00e1logo de Incaspin se puede jugar sobre la marcha con la aplicaci\u00f3n del casino m\u00f3vil. Las tragaperras, los juegos de mesa, los juegos de dealer en vivo y los juegos especiales funcionan de la misma manera que en tu computadora. Los desarrolladores de juegos se aseguran de que sus juegos funcionen bien en todos los dispositivos optimizando su contenido para el juego m\u00f3vil.<\/p>\n<h3>\u00bfEst\u00e1s seguro de que la aplicaci\u00f3n es tan segura como el sitio web?<\/h3>\n<p>Los est\u00e1ndares de encriptaci\u00f3n y los protocolos de autenticaci\u00f3n utilizados para dispositivos m\u00f3viles son los mismos que los utilizados para computadoras de escritorio. La aplicaci\u00f3n utiliza los mismos servidores seguros y medidas de seguridad de datos que el sitio web para mantener tu informaci\u00f3n a salvo.<\/p>\n<\/div><\/div><\/p>\n","protected":false},"excerpt":{"rendered":"<p>Aplicaci\u00f3n de Incaspin para iOS y Android Con la Incaspin app, puedes jugar a todos los juegos de un casino directamente en tu tel\u00e9fono. La aplicaci\u00f3n funciona sin problemas y te da acceso instant\u00e1neo a miles de juegos. La plataforma admite el juego en Android, iOS y navegadores web sin sacrificar calidad ni caracter\u00edsticas. Con [&hellip;]<\/p>\n","protected":false},"author":1,"featured_media":0,"parent":0,"menu_order":0,"comment_status":"closed","ping_status":"closed","template":"template-builder.php","meta":{"_acf_changed":false,"inline_featured_image":false,"footnotes":""},"class_list":["post-872","page","type-page","status-publish","hentry"],"acf":[],"yoast_head":"<!-- This site is optimized with the Yoast SEO plugin v27.3 - https:\/\/yoast.com\/product\/yoast-seo-wordpress\/ -->\n<title>Descarga la Incaspin Casino App | Juega donde quieras<\/title>\n<meta name=\"description\" content=\"Tus tragamonedas favoritas siempre est\u00e1n listas para jugar en tu smartphone o tableta. Descarga la Inca Spin app para jugar al instante, con todos los detalles de tu cuenta, m\u00e9todos de pago y bonos perfectamente sincronizados.\" \/>\n<meta name=\"robots\" content=\"index, follow, max-snippet:-1, max-image-preview:large, max-video-preview:-1\" \/>\n<link rel=\"canonical\" href=\"https:\/\/inca-spin.net\/es\/aplicacion\/\" \/>\n<meta property=\"og:locale\" content=\"es_ES\" \/>\n<meta property=\"og:type\" content=\"article\" \/>\n<meta property=\"og:title\" content=\"Descarga la Incaspin Casino App | Juega donde quieras\" \/>\n<meta property=\"og:description\" content=\"Tus tragamonedas favoritas siempre est\u00e1n listas para jugar en tu smartphone o tableta. Descarga la Inca Spin app para jugar al instante, con todos los detalles de tu cuenta, m\u00e9todos de pago y bonos perfectamente sincronizados.\" \/>\n<meta property=\"og:url\" content=\"https:\/\/inca-spin.net\/es\/aplicacion\/\" \/>\n<meta property=\"og:site_name\" content=\"incaspin\" \/>\n<meta property=\"article:modified_time\" content=\"2025-12-04T07:29:30+00:00\" \/>\n<meta name=\"twitter:card\" content=\"summary_large_image\" \/>\n<meta name=\"twitter:label1\" content=\"Est. reading time\" \/>\n\t<meta name=\"twitter:data1\" content=\"1 minute\" \/>\n<script type=\"application\/ld+json\" class=\"yoast-schema-graph\">{\"@context\":\"https:\\\/\\\/schema.org\",\"@graph\":[{\"@type\":\"WebPage\",\"@id\":\"https:\\\/\\\/inca-spin.net\\\/es\\\/aplicacion\\\/\",\"url\":\"https:\\\/\\\/inca-spin.net\\\/es\\\/aplicacion\\\/\",\"name\":\"Descarga la Incaspin Casino App | Juega donde quieras\",\"isPartOf\":{\"@id\":\"https:\\\/\\\/inca-spin.net\\\/es\\\/#website\"},\"datePublished\":\"2025-11-27T08:20:20+00:00\",\"dateModified\":\"2025-12-04T07:29:30+00:00\",\"description\":\"Tus tragamonedas favoritas siempre est\u00e1n listas para jugar en tu smartphone o tableta. Descarga la Inca Spin app para jugar al instante, con todos los detalles de tu cuenta, m\u00e9todos de pago y bonos perfectamente sincronizados.\",\"breadcrumb\":{\"@id\":\"https:\\\/\\\/inca-spin.net\\\/es\\\/aplicacion\\\/#breadcrumb\"},\"inLanguage\":\"es-ES\",\"potentialAction\":[{\"@type\":\"ReadAction\",\"target\":[\"https:\\\/\\\/inca-spin.net\\\/es\\\/aplicacion\\\/\"]}]},{\"@type\":\"BreadcrumbList\",\"@id\":\"https:\\\/\\\/inca-spin.net\\\/es\\\/aplicacion\\\/#breadcrumb\",\"itemListElement\":[{\"@type\":\"ListItem\",\"position\":1,\"name\":\"Incaspin\",\"item\":\"https:\\\/\\\/inca-spin.net\\\/es\\\/\"},{\"@type\":\"ListItem\",\"position\":2,\"name\":\"Aplicaci\u00f3n\"}]},{\"@type\":\"WebSite\",\"@id\":\"https:\\\/\\\/inca-spin.net\\\/es\\\/#website\",\"url\":\"https:\\\/\\\/inca-spin.net\\\/es\\\/\",\"name\":\"Incaspin\",\"description\":\"\",\"publisher\":{\"@id\":\"https:\\\/\\\/inca-spin.net\\\/es\\\/#organization\"},\"potentialAction\":[{\"@type\":\"SearchAction\",\"target\":{\"@type\":\"EntryPoint\",\"urlTemplate\":\"https:\\\/\\\/inca-spin.net\\\/es\\\/?s={search_term_string}\"},\"query-input\":{\"@type\":\"PropertyValueSpecification\",\"valueRequired\":true,\"valueName\":\"search_term_string\"}}],\"inLanguage\":\"es-ES\"},{\"@type\":\"Organization\",\"@id\":\"https:\\\/\\\/inca-spin.net\\\/es\\\/#organization\",\"name\":\"Incaspin\",\"url\":\"https:\\\/\\\/inca-spin.net\\\/es\\\/\",\"logo\":{\"@type\":\"ImageObject\",\"inLanguage\":\"es-ES\",\"@id\":\"https:\\\/\\\/inca-spin.net\\\/es\\\/#\\\/schema\\\/logo\\\/image\\\/\",\"url\":\"https:\\\/\\\/inca-spin.net\\\/wp-content\\\/uploads\\\/2025\\\/06\\\/80u1FaquEZeR6OUTeJCc-1.svg\",\"contentUrl\":\"https:\\\/\\\/inca-spin.net\\\/wp-content\\\/uploads\\\/2025\\\/06\\\/80u1FaquEZeR6OUTeJCc-1.svg\",\"width\":63,\"height\":24,\"caption\":\"Incaspin\"},\"image\":{\"@id\":\"https:\\\/\\\/inca-spin.net\\\/es\\\/#\\\/schema\\\/logo\\\/image\\\/\"}}]}<\/script>\n<!-- \/ Yoast SEO plugin. -->","yoast_head_json":{"title":"Descarga la Incaspin Casino App | Juega donde quieras","description":"Tus tragamonedas favoritas siempre est\u00e1n listas para jugar en tu smartphone o tableta. Descarga la Inca Spin app para jugar al instante, con todos los detalles de tu cuenta, m\u00e9todos de pago y bonos perfectamente sincronizados.","robots":{"index":"index","follow":"follow","max-snippet":"max-snippet:-1","max-image-preview":"max-image-preview:large","max-video-preview":"max-video-preview:-1"},"canonical":"https:\/\/inca-spin.net\/es\/aplicacion\/","og_locale":"es_ES","og_type":"article","og_title":"Descarga la Incaspin Casino App | Juega donde quieras","og_description":"Tus tragamonedas favoritas siempre est\u00e1n listas para jugar en tu smartphone o tableta. Descarga la Inca Spin app para jugar al instante, con todos los detalles de tu cuenta, m\u00e9todos de pago y bonos perfectamente sincronizados.","og_url":"https:\/\/inca-spin.net\/es\/aplicacion\/","og_site_name":"incaspin","article_modified_time":"2025-12-04T07:29:30+00:00","twitter_card":"summary_large_image","twitter_misc":{"Est. reading time":"1 minute"},"schema":{"@context":"https:\/\/schema.org","@graph":[{"@type":"WebPage","@id":"https:\/\/inca-spin.net\/es\/aplicacion\/","url":"https:\/\/inca-spin.net\/es\/aplicacion\/","name":"Descarga la Incaspin Casino App | Juega donde quieras","isPartOf":{"@id":"https:\/\/inca-spin.net\/es\/#website"},"datePublished":"2025-11-27T08:20:20+00:00","dateModified":"2025-12-04T07:29:30+00:00","description":"Tus tragamonedas favoritas siempre est\u00e1n listas para jugar en tu smartphone o tableta. Descarga la Inca Spin app para jugar al instante, con todos los detalles de tu cuenta, m\u00e9todos de pago y bonos perfectamente sincronizados.","breadcrumb":{"@id":"https:\/\/inca-spin.net\/es\/aplicacion\/#breadcrumb"},"inLanguage":"es-ES","potentialAction":[{"@type":"ReadAction","target":["https:\/\/inca-spin.net\/es\/aplicacion\/"]}]},{"@type":"BreadcrumbList","@id":"https:\/\/inca-spin.net\/es\/aplicacion\/#breadcrumb","itemListElement":[{"@type":"ListItem","position":1,"name":"Incaspin","item":"https:\/\/inca-spin.net\/es\/"},{"@type":"ListItem","position":2,"name":"Aplicaci\u00f3n"}]},{"@type":"WebSite","@id":"https:\/\/inca-spin.net\/es\/#website","url":"https:\/\/inca-spin.net\/es\/","name":"Incaspin","description":"","publisher":{"@id":"https:\/\/inca-spin.net\/es\/#organization"},"potentialAction":[{"@type":"SearchAction","target":{"@type":"EntryPoint","urlTemplate":"https:\/\/inca-spin.net\/es\/?s={search_term_string}"},"query-input":{"@type":"PropertyValueSpecification","valueRequired":true,"valueName":"search_term_string"}}],"inLanguage":"es-ES"},{"@type":"Organization","@id":"https:\/\/inca-spin.net\/es\/#organization","name":"Incaspin","url":"https:\/\/inca-spin.net\/es\/","logo":{"@type":"ImageObject","inLanguage":"es-ES","@id":"https:\/\/inca-spin.net\/es\/#\/schema\/logo\/image\/","url":"https:\/\/inca-spin.net\/wp-content\/uploads\/2025\/06\/80u1FaquEZeR6OUTeJCc-1.svg","contentUrl":"https:\/\/inca-spin.net\/wp-content\/uploads\/2025\/06\/80u1FaquEZeR6OUTeJCc-1.svg","width":63,"height":24,"caption":"Incaspin"},"image":{"@id":"https:\/\/inca-spin.net\/es\/#\/schema\/logo\/image\/"}}]}},"_links":{"self":[{"href":"https:\/\/inca-spin.net\/es\/wp-json\/wp\/v2\/pages\/872","targetHints":{"allow":["GET"]}}],"collection":[{"href":"https:\/\/inca-spin.net\/es\/wp-json\/wp\/v2\/pages"}],"about":[{"href":"https:\/\/inca-spin.net\/es\/wp-json\/wp\/v2\/types\/page"}],"author":[{"embeddable":true,"href":"https:\/\/inca-spin.net\/es\/wp-json\/wp\/v2\/users\/1"}],"replies":[{"embeddable":true,"href":"https:\/\/inca-spin.net\/es\/wp-json\/wp\/v2\/comments?post=872"}],"version-history":[{"count":2,"href":"https:\/\/inca-spin.net\/es\/wp-json\/wp\/v2\/pages\/872\/revisions"}],"predecessor-version":[{"id":1526,"href":"https:\/\/inca-spin.net\/es\/wp-json\/wp\/v2\/pages\/872\/revisions\/1526"}],"wp:attachment":[{"href":"https:\/\/inca-spin.net\/es\/wp-json\/wp\/v2\/media?parent=872"}],"curies":[{"name":"wp","href":"https:\/\/api.w.org\/{rel}","templated":true}]}}