{"id":862,"date":"2025-11-27T10:20:20","date_gmt":"2025-11-27T08:20:20","guid":{"rendered":"https:\/\/inca-spin.net\/app\/"},"modified":"2025-12-23T22:48:09","modified_gmt":"2025-12-23T20:48:09","slug":"app","status":"publish","type":"page","link":"https:\/\/inca-spin.net\/fr\/app\/","title":{"rendered":"App"},"content":{"rendered":"<h1>Application Incaspin pour iOS et Android<\/h1>\n<p>Avec Incaspin app, vous pouvez jouer \u00e0 tous les jeux d&rsquo;un casino directement sur votre t\u00e9l\u00e9phone. L&rsquo;application fonctionne fluidement et vous donne un acc\u00e8s instantan\u00e9 \u00e0 des milliers de jeux. La plateforme prend en charge le jeu sur Android, iOS et les navigateurs web sans sacrifier la qualit\u00e9 ou les fonctionnalit\u00e9s. Gr\u00e2ce \u00e0 la technologie d&rsquo;application web progressive, vous pouvez commencer \u00e0 jouer imm\u00e9diatement, sans avoir \u00e0 attendre un long t\u00e9l\u00e9chargement.<\/p>\n<p><div class=\"banner-wrap\" aria-label=\"Banner\"><img src=\"https:\/\/inca-spin.net\/wp-content\/uploads\/2025\/06\/z4d0uaHjlc4sWned1EMP-1.webp\" class=\"w-100 d-none d-lg-block img-pc main-banner-img\" alt=\"Incaspin desktop banner\" fetchpriority=\"high\" decoding=\"async\"><img src=\"https:\/\/inca-spin.net\/wp-content\/uploads\/2025\/11\/Incaspin-mobile-banner.webp\" class=\"w-100 d-none d-md-block d-lg-none main-banner-img\" alt=\"Incaspin mobile banner\" fetchpriority=\"high\" decoding=\"async\"><img src=\"https:\/\/inca-spin.net\/wp-content\/uploads\/2025\/11\/Incaspin-mobile-banner.webp\" class=\"w-100 d-md-none\" alt=\"Incaspin mobile banner\" fetchpriority=\"high\" decoding=\"async\"><div class=\"banner-description\">\n<div class=\"banner-title\">Bonus de bienvenue<\/div>\n<p class=\"banner-header-title\">1000 \u20ac<\/p>\n<div class=\"banner-header-AdditionalText\">+ 100 Tours gratuits<\/div>\n<button data-item=\"homepage_banner_link\" class=\"goto m-button m-gradient-border m-button--primary m-button--large banner-button btn-orange\">\n            <div class=\"m-button-content\">\n                <span>Inscrivez-vous d\u00e8s maintenant<\/span>\n                <span><\/span>\n            <\/div>\n        <\/button>\n<\/div>\n<div class=\"WelcomePack\">\n<p><img loading=\"lazy\" decoding=\"async\" class=\"alignnone size-full wp-image-818\" src=\"https:\/\/inca-spin.net\/wp-content\/uploads\/2025\/11\/welcome-crown.svg\" alt=\"crown\" width=\"25\" height=\"26\" \/><\/p>\n<div class=\"WelcomePack-Info\">Cashback hebdomadaire jusqu&rsquo;\u00e0 25 %<\/div>\n<p><img loading=\"lazy\" decoding=\"async\" class=\"alignnone size-full wp-image-818\" src=\"https:\/\/inca-spin.net\/wp-content\/uploads\/2025\/11\/welcome-crown.svg\" alt=\"crown\" width=\"25\" height=\"26\" \/><\/p>\n<\/div>\n<\/div><div class=\"scrollable-content-wrap my-5\"><div class=\"scrollable-content-inner\"><h2>Application Incaspin pour Appareils Android<\/h2>\n<p>Les utilisateurs Android peuvent acc\u00e9der \u00e0 l&rsquo;application Incaspin via une application web progressive qu&rsquo;ils peuvent t\u00e9l\u00e9charger depuis le site web du casino. Cette m\u00e9thode contourne les restrictions du Google Play Store tout en vous offrant l&rsquo;exp\u00e9rience attendue d&rsquo;une application native. L&rsquo;installation ne prend qu&rsquo;une minute, et vous n&rsquo;avez besoin d&rsquo;aucune autorisation sp\u00e9ciale ni d&rsquo;\u00e9tapes de configuration compliqu\u00e9es.<\/p>\n<h3>T\u00e9l\u00e9charger l&rsquo;Application<\/h3>\n<ol>\n<li>Visitez le site web officiel d&rsquo;Incaspin en utilisant Chrome ou n&rsquo;importe quel navigateur Android.<\/li>\n<li>Appuyez sur l&rsquo;ic\u00f4ne du menu dans le coin sup\u00e9rieur droit et choisissez la section de l&rsquo;application mobile dans les param\u00e8tres.<\/li>\n<li>Le syst\u00e8me vous invitera \u00e0 ajouter l&rsquo;application \u00e0 votre \u00e9cran d&rsquo;accueil, cr\u00e9ant un raccourci instantan\u00e9 qui lance l&rsquo;interface compl\u00e8te du casino.<\/li>\n<li>Choisissez \u00ab Ajouter \u00e0 l&rsquo;\u00e9cran d&rsquo;accueil \u00bb et appuyez sur \u00ab Ajouter \u00bb pour terminer l&rsquo;installation.<\/li>\n<\/ol>\n<p>L&rsquo;ic\u00f4ne appara\u00eet imm\u00e9diatement sur votre \u00e9cran d&rsquo;accueil, pr\u00eate \u00e0 se lancer d&rsquo;un simple tap lorsque vous voulez jouer.<\/p>\n<p><img loading=\"lazy\" decoding=\"async\" src=\"https:\/\/inca-spin.net\/wp-content\/uploads\/2025\/11\/Incaspin-Android.webp\" alt=\"Incaspin Android\" width=\"1248\" height=\"536\" \/><\/p>\n<\/div><\/div><div style=\"clear: both\"><\/div><div class=\"d-flex justify-content-center\"><button data-item=\"decouvrez_link\" data-group=\"website_links\" class=\"goto fw-bold rounded-pill btn btn-orange\" aria-label=\"T\u00e9l\u00e9chargez l&#039;application Incaspin\" >T\u00e9l\u00e9chargez l&#039;application Incaspin<\/button><\/div><div class=\"scrollable-content-wrap my-5\"><div class=\"scrollable-content-inner\"><h2>Obtenir l&rsquo;Application pour iOS<\/h2>\n<p>Les appareils iOS peuvent acc\u00e9der \u00e0 Incaspin via les fonctionnalit\u00e9s d&rsquo;application web progressive de Safari, qui fonctionnent comme des applications natives sans rien t\u00e9l\u00e9charger depuis l&rsquo;App Store. Les commandes tactiles et la conception r\u00e9active rendent l&rsquo;exp\u00e9rience identique pour les utilisateurs d&rsquo;iPhone et d&rsquo;iPad.<\/p>\n<h3>T\u00e9l\u00e9charger l&rsquo;Application iOS<\/h3>\n<ol>\n<li>Ouvrez Safari et allez sur le site web du casino Incaspin.<\/li>\n<li>Appuyez sur le bouton Partager en bas de l&rsquo;\u00e9cran, qui ressemble \u00e0 un carr\u00e9 avec une fl\u00e8che pointant vers le haut.<\/li>\n<li>Parcourez les options et appuyez sur \u00ab Ajouter \u00e0 l&rsquo;\u00e9cran d&rsquo;accueil \u00bb dans le menu.<\/li>\n<li>Modifiez le nom de l&rsquo;application si n\u00e9cessaire et appuyez sur \u00ab Ajouter \u00bb dans le coin sup\u00e9rieur droit pour terminer l&rsquo;installation.<\/li>\n<\/ol>\n<p>L&rsquo;ic\u00f4ne Incaspin se trouve maintenant \u00e0 c\u00f4t\u00e9 de vos autres applications, la rendant facile d&rsquo;acc\u00e8s sans occuper beaucoup d&rsquo;espace sur votre appareil. Si vous rencontrez des probl\u00e8mes avec le processus de v\u00e9rification ou d&rsquo;installation, contactez l&rsquo;\u00e9quipe d&rsquo;assistance via le chat en direct ou par e-mail.<\/p>\n<p><img loading=\"lazy\" decoding=\"async\" src=\"https:\/\/inca-spin.net\/wp-content\/uploads\/2025\/11\/Incaspin-iOS.webp\" alt=\"Incaspin iOS\" width=\"1248\" height=\"536\" \/><\/p>\n<\/div><\/div><div style=\"clear: both\"><\/div><div class=\"d-flex justify-content-center\"><button data-item=\"decouvrez_link\" data-group=\"website_links\" class=\"goto fw-bold rounded-pill btn btn-orange\" aria-label=\"T\u00e9l\u00e9charger Incaspin\" >T\u00e9l\u00e9charger Incaspin<\/button><\/div><div class=\"scrollable-content-wrap my-5\"><div class=\"scrollable-content-inner\"><h2>Jouer \u00e0 Inca Spin sur le Web<\/h2>\n<p>Les joueurs sur ordinateur peuvent utiliser n&rsquo;importe quel navigateur web moderne pour acc\u00e9der \u00e0 la plateforme compl\u00e8te d&rsquo;Incaspin, sans avoir besoin de t\u00e9l\u00e9charger de logiciel suppl\u00e9mentaire. Chrome, Safari, Firefox et Edge peuvent tous \u00eatre utilis\u00e9s pour acc\u00e9der \u00e0 l&rsquo;interface bas\u00e9e sur le web du casino, qui poss\u00e8de toutes les m\u00eames fonctionnalit\u00e9s que les versions mobiles. La conception r\u00e9active s&rsquo;ajuste en fonction de la taille de votre \u00e9cran, que vous soyez sur un ordinateur portable, un \u00e9cran de bureau ou une tablette en mode paysage.<\/p>\n<p>Pour cr\u00e9er un raccourci sur le bureau, allez sur le site web du casino et utilisez les outils de marque-page ou de raccourci de votre navigateur. Les utilisateurs Windows peuvent faire glisser l&rsquo;URL sur leur bureau, tandis que les utilisateurs Mac peuvent ajouter le site \u00e0 leur Dock. La m\u00e9thode via le web vous permet de jouer \u00e0 la version la plus r\u00e9cente sans avoir \u00e0 vous soucier des mises \u00e0 jour manuelles ou des probl\u00e8mes de compatibilit\u00e9.<\/p>\n<p><img loading=\"lazy\" decoding=\"async\" src=\"https:\/\/inca-spin.net\/wp-content\/uploads\/2025\/11\/Incaspin-Desktop.webp\" alt=\"Incaspin Desktop\" width=\"1248\" height=\"536\" \/><\/p>\n<\/div><\/div><div style=\"clear: both\"><\/div><div class=\"d-flex justify-content-center\"><button data-item=\"decouvrez_link\" data-group=\"website_links\" class=\"goto fw-bold rounded-pill btn btn-orange\" aria-label=\"T\u00e9l\u00e9chargez l&#039;application Incaspin\" >T\u00e9l\u00e9chargez l&#039;application Incaspin<\/button><\/div><div class=\"scrollable-content-wrap my-5\"><div class=\"scrollable-content-inner\"><h2>Avantages et Fonctionnalit\u00e9s de l&rsquo;Application Incaspin<\/h2>\n<table>\n<tbody>\n<tr>\n<td>Fonctionnalit\u00e9<\/td>\n<td>Application mobile<\/td>\n<td>Navigateur de bureau<\/td>\n<\/tr>\n<tr>\n<td>Temps d&rsquo;installation<\/td>\n<td>Moins de 60 secondes<\/td>\n<td>Acc\u00e8s instantan\u00e9<\/td>\n<\/tr>\n<tr>\n<td>Espace de stockage requis<\/td>\n<td>Minimal (moins de 5 Mo)<\/td>\n<td>Aucun stockage n\u00e9cessaire<\/td>\n<\/tr>\n<tr>\n<td>Biblioth\u00e8que de jeux<\/td>\n<td>Catalogue complet disponible<\/td>\n<td>Catalogue complet disponible<\/td>\n<\/tr>\n<tr>\n<td>Commandes tactiles<\/td>\n<td>Optimis\u00e9 pour les appareils mobiles<\/td>\n<td>Souris et clavier<\/td>\n<\/tr>\n<\/tbody>\n<\/table>\n<p>L&rsquo;application mobile est plus facile \u00e0 transporter, mais elle n&rsquo;alt\u00e8re pas l&rsquo;exp\u00e9rience de jeu que vous obtiendriez sur un ordinateur de bureau. Sur les smartphones et les tablettes, chaque machine \u00e0 sous, jeu de table et jeu de croupier en direct de la biblioth\u00e8que principale fonctionnent parfaitement. Peu importe la taille de l&rsquo;appareil que vous utilisez, l&rsquo;interface s&rsquo;ajustera automatiquement pour s&rsquo;adapter \u00e0 votre \u00e9cran. Ainsi, vous pouvez toujours acc\u00e9der facilement aux boutons et voir des graphiques clairs.<\/p>\n<p>Pour de nombreux types de jeux, les commandes optimis\u00e9es pour le tactile rendent le jeu plus facile sur mobile que l&rsquo;utilisation d&rsquo;une souris. Utilisez des gestes naturels pour faire tourner les rouleaux des slots en ligne, placer des paris et zoomer sur les d\u00e9tails du jeu.<\/p>\n<p>Il n&rsquo;y a pas de mode hors ligne car tous les jeux doivent \u00eatre connect\u00e9s \u00e0 un serveur pour l&rsquo;\u00e9quit\u00e9 du jeu et les transactions d&rsquo;argent r\u00e9el. Mais l&rsquo;application d\u00e9marre plus rapidement que l&rsquo;ouverture d&rsquo;un navigateur mobile et la saisie de l&rsquo;adresse du site web. Cela permet de gagner du temps lorsque vous voulez commencer \u00e0 jouer imm\u00e9diatement. Avec l&rsquo;ic\u00f4ne d\u00e9di\u00e9e sur l&rsquo;\u00e9cran d&rsquo;accueil, vous n&rsquo;avez pas \u00e0 vous souvenir des URL ni \u00e0 chercher dans les marque-pages de votre navigateur.<\/p>\n<p>Tous les transferts de donn\u00e9es sont prot\u00e9g\u00e9s par le chiffrement SSL 256 bits, le m\u00eame niveau de s\u00e9curit\u00e9 que sur les ordinateurs de bureau. Toutes les transactions sont trait\u00e9es via des connexions serveur s\u00e9curis\u00e9es, de sorte que l&rsquo;application ne stocke jamais les informations de paiement sensibles sur votre appareil.<\/p>\n<p>Les performances sont identiques sur toutes les g\u00e9n\u00e9rations d&rsquo;appareils. Les smartphones plus anciens peuvent ex\u00e9cuter l&rsquo;application aussi fluidement que les derniers mod\u00e8les. L&rsquo;architecture d&rsquo;application web progressive n&rsquo;a besoin que d&rsquo;une petite quantit\u00e9 de ressources syst\u00e8me, elle fonctionne donc sur les appareils sortis ces derni\u00e8res ann\u00e9es. Des mises \u00e0 jour automatiques r\u00e9guli\u00e8res ajoutent de nouvelles fonctionnalit\u00e9s et renforcent la s\u00e9curit\u00e9 de l&rsquo;application, sans que vous ayez \u00e0 les t\u00e9l\u00e9charger depuis les magasins d&rsquo;applications \u00e0 chaque fois.<\/p>\n<h2>FAQ<\/h2>\n<h3>L&rsquo;application Inca Spin fonctionne-t-elle \u00e0 la fois sur iOS et Android ?<\/h3>\n<p>Oui, l&rsquo;application Incaspin fonctionne \u00e0 la fois sur les appareils iOS et Android gr\u00e2ce \u00e0 la technologie d&rsquo;application web progressive. Les utilisateurs Android peuvent la t\u00e9l\u00e9charger directement depuis le site web du casino en utilisant Chrome, tandis que les utilisateurs iOS peuvent le faire via le menu de partage dans Safari. Les deux versions vous donnent acc\u00e8s \u00e0 la biblioth\u00e8que compl\u00e8te de jeux et aux m\u00eames fonctionnalit\u00e9s.<\/p>\n<h3>Dois-je mettre \u00e0 jour l&rsquo;application manuellement ?<\/h3>\n<p>L&rsquo;application se met automatiquement \u00e0 jour chaque fois que vous l&rsquo;ouvrez, vous n&rsquo;avez donc rien \u00e0 faire. Lorsque vous lancez la plateforme, l&rsquo;architecture d&rsquo;application web progressive vous fournit imm\u00e9diatement les derni\u00e8res fonctionnalit\u00e9s et une meilleure s\u00e9curit\u00e9.<\/p>\n<h3>Puis-je jouer \u00e0 tous les jeux sur mon t\u00e9l\u00e9phone ?<\/h3>\n<p>Chaque jeu du catalogue d&rsquo;Incaspin peut \u00eatre jou\u00e9 en d\u00e9placement avec l&rsquo;application de casino mobile. Les slots, jeux de table, jeux de croupier en direct et jeux sp\u00e9cialis\u00e9s fonctionnent tous de la m\u00eame mani\u00e8re que sur votre ordinateur. Les d\u00e9veloppeurs de jeux s&rsquo;assurent que leurs jeux fonctionnent bien sur tous les appareils en optimisant leur contenu pour le jeu mobile.<\/p>\n<h3>\u00cates-vous s\u00fbr que l&rsquo;application est aussi s\u00e9curis\u00e9e que le site web ?<\/h3>\n<p>Les normes de chiffrement et les protocoles d&rsquo;authentification utilis\u00e9s pour les appareils mobiles sont les m\u00eames que ceux utilis\u00e9s pour les ordinateurs de bureau. L&rsquo;application utilise les m\u00eames serveurs s\u00e9curis\u00e9s et mesures de s\u00e9curit\u00e9 des donn\u00e9es que le site web pour prot\u00e9ger vos informations.<\/p>\n<\/div><\/div><\/p>\n","protected":false},"excerpt":{"rendered":"<p>Application Incaspin pour iOS et Android Avec Incaspin app, vous pouvez jouer \u00e0 tous les jeux d&rsquo;un casino directement sur votre t\u00e9l\u00e9phone. L&rsquo;application fonctionne fluidement et vous donne un acc\u00e8s instantan\u00e9 \u00e0 des milliers de jeux. La plateforme prend en charge le jeu sur Android, iOS et les navigateurs web sans sacrifier la qualit\u00e9 ou [&hellip;]<\/p>\n","protected":false},"author":1,"featured_media":0,"parent":0,"menu_order":0,"comment_status":"closed","ping_status":"closed","template":"template-builder.php","meta":{"_acf_changed":false,"inline_featured_image":false,"footnotes":""},"class_list":["post-862","page","type-page","status-publish","hentry"],"acf":[],"yoast_head":"<!-- This site is optimized with the Yoast SEO plugin v27.3 - https:\/\/yoast.com\/product\/yoast-seo-wordpress\/ -->\n<title>T\u00e9l\u00e9chargez Incaspin Casino App | Jouez o\u00f9 que vous soyez<\/title>\n<meta name=\"description\" content=\"Vos machines \u00e0 sous pr\u00e9f\u00e9r\u00e9es sont toujours disponibles sur votre smartphone ou tablette. T\u00e9l\u00e9chargez Inca Spin app pour jouer instantan\u00e9ment : vos informations de compte, vos moyens de paiement et vos bonus seront parfaitement synchronis\u00e9s.\" \/>\n<meta name=\"robots\" content=\"index, follow, max-snippet:-1, max-image-preview:large, max-video-preview:-1\" \/>\n<link rel=\"canonical\" href=\"https:\/\/inca-spin.net\/fr\/app\/\" \/>\n<meta property=\"og:locale\" content=\"fr_FR\" \/>\n<meta property=\"og:type\" content=\"article\" \/>\n<meta property=\"og:title\" content=\"T\u00e9l\u00e9chargez Incaspin Casino App | Jouez o\u00f9 que vous soyez\" \/>\n<meta property=\"og:description\" content=\"Vos machines \u00e0 sous pr\u00e9f\u00e9r\u00e9es sont toujours disponibles sur votre smartphone ou tablette. T\u00e9l\u00e9chargez Inca Spin app pour jouer instantan\u00e9ment : vos informations de compte, vos moyens de paiement et vos bonus seront parfaitement synchronis\u00e9s.\" \/>\n<meta property=\"og:url\" content=\"https:\/\/inca-spin.net\/fr\/app\/\" \/>\n<meta property=\"og:site_name\" content=\"incaspin\" \/>\n<meta property=\"article:modified_time\" content=\"2025-12-23T20:48:09+00:00\" \/>\n<meta name=\"twitter:card\" content=\"summary_large_image\" \/>\n<meta name=\"twitter:label1\" content=\"Dur\u00e9e de lecture estim\u00e9e\" \/>\n\t<meta name=\"twitter:data1\" content=\"1 minute\" \/>\n<script type=\"application\/ld+json\" class=\"yoast-schema-graph\">{\"@context\":\"https:\\\/\\\/schema.org\",\"@graph\":[{\"@type\":\"WebPage\",\"@id\":\"https:\\\/\\\/inca-spin.net\\\/fr\\\/app\\\/\",\"url\":\"https:\\\/\\\/inca-spin.net\\\/fr\\\/app\\\/\",\"name\":\"T\u00e9l\u00e9chargez Incaspin Casino App | Jouez o\u00f9 que vous soyez\",\"isPartOf\":{\"@id\":\"https:\\\/\\\/inca-spin.net\\\/fr\\\/#website\"},\"datePublished\":\"2025-11-27T08:20:20+00:00\",\"dateModified\":\"2025-12-23T20:48:09+00:00\",\"description\":\"Vos machines \u00e0 sous pr\u00e9f\u00e9r\u00e9es sont toujours disponibles sur votre smartphone ou tablette. T\u00e9l\u00e9chargez Inca Spin app pour jouer instantan\u00e9ment : vos informations de compte, vos moyens de paiement et vos bonus seront parfaitement synchronis\u00e9s.\",\"breadcrumb\":{\"@id\":\"https:\\\/\\\/inca-spin.net\\\/fr\\\/app\\\/#breadcrumb\"},\"inLanguage\":\"fr-FR\",\"potentialAction\":[{\"@type\":\"ReadAction\",\"target\":[\"https:\\\/\\\/inca-spin.net\\\/fr\\\/app\\\/\"]}]},{\"@type\":\"BreadcrumbList\",\"@id\":\"https:\\\/\\\/inca-spin.net\\\/fr\\\/app\\\/#breadcrumb\",\"itemListElement\":[{\"@type\":\"ListItem\",\"position\":1,\"name\":\"Incaspin\",\"item\":\"https:\\\/\\\/inca-spin.net\\\/fr\\\/\"},{\"@type\":\"ListItem\",\"position\":2,\"name\":\"App\"}]},{\"@type\":\"WebSite\",\"@id\":\"https:\\\/\\\/inca-spin.net\\\/fr\\\/#website\",\"url\":\"https:\\\/\\\/inca-spin.net\\\/fr\\\/\",\"name\":\"Incaspin\",\"description\":\"\",\"publisher\":{\"@id\":\"https:\\\/\\\/inca-spin.net\\\/fr\\\/#organization\"},\"potentialAction\":[{\"@type\":\"SearchAction\",\"target\":{\"@type\":\"EntryPoint\",\"urlTemplate\":\"https:\\\/\\\/inca-spin.net\\\/fr\\\/?s={search_term_string}\"},\"query-input\":{\"@type\":\"PropertyValueSpecification\",\"valueRequired\":true,\"valueName\":\"search_term_string\"}}],\"inLanguage\":\"fr-FR\"},{\"@type\":\"Organization\",\"@id\":\"https:\\\/\\\/inca-spin.net\\\/fr\\\/#organization\",\"name\":\"Incaspin\",\"url\":\"https:\\\/\\\/inca-spin.net\\\/fr\\\/\",\"logo\":{\"@type\":\"ImageObject\",\"inLanguage\":\"fr-FR\",\"@id\":\"https:\\\/\\\/inca-spin.net\\\/fr\\\/#\\\/schema\\\/logo\\\/image\\\/\",\"url\":\"https:\\\/\\\/inca-spin.net\\\/wp-content\\\/uploads\\\/2025\\\/06\\\/80u1FaquEZeR6OUTeJCc-1.svg\",\"contentUrl\":\"https:\\\/\\\/inca-spin.net\\\/wp-content\\\/uploads\\\/2025\\\/06\\\/80u1FaquEZeR6OUTeJCc-1.svg\",\"width\":63,\"height\":24,\"caption\":\"Incaspin\"},\"image\":{\"@id\":\"https:\\\/\\\/inca-spin.net\\\/fr\\\/#\\\/schema\\\/logo\\\/image\\\/\"}}]}<\/script>\n<!-- \/ Yoast SEO plugin. -->","yoast_head_json":{"title":"T\u00e9l\u00e9chargez Incaspin Casino App | Jouez o\u00f9 que vous soyez","description":"Vos machines \u00e0 sous pr\u00e9f\u00e9r\u00e9es sont toujours disponibles sur votre smartphone ou tablette. T\u00e9l\u00e9chargez Inca Spin app pour jouer instantan\u00e9ment : vos informations de compte, vos moyens de paiement et vos bonus seront parfaitement synchronis\u00e9s.","robots":{"index":"index","follow":"follow","max-snippet":"max-snippet:-1","max-image-preview":"max-image-preview:large","max-video-preview":"max-video-preview:-1"},"canonical":"https:\/\/inca-spin.net\/fr\/app\/","og_locale":"fr_FR","og_type":"article","og_title":"T\u00e9l\u00e9chargez Incaspin Casino App | Jouez o\u00f9 que vous soyez","og_description":"Vos machines \u00e0 sous pr\u00e9f\u00e9r\u00e9es sont toujours disponibles sur votre smartphone ou tablette. T\u00e9l\u00e9chargez Inca Spin app pour jouer instantan\u00e9ment : vos informations de compte, vos moyens de paiement et vos bonus seront parfaitement synchronis\u00e9s.","og_url":"https:\/\/inca-spin.net\/fr\/app\/","og_site_name":"incaspin","article_modified_time":"2025-12-23T20:48:09+00:00","twitter_card":"summary_large_image","twitter_misc":{"Dur\u00e9e de lecture estim\u00e9e":"1 minute"},"schema":{"@context":"https:\/\/schema.org","@graph":[{"@type":"WebPage","@id":"https:\/\/inca-spin.net\/fr\/app\/","url":"https:\/\/inca-spin.net\/fr\/app\/","name":"T\u00e9l\u00e9chargez Incaspin Casino App | Jouez o\u00f9 que vous soyez","isPartOf":{"@id":"https:\/\/inca-spin.net\/fr\/#website"},"datePublished":"2025-11-27T08:20:20+00:00","dateModified":"2025-12-23T20:48:09+00:00","description":"Vos machines \u00e0 sous pr\u00e9f\u00e9r\u00e9es sont toujours disponibles sur votre smartphone ou tablette. T\u00e9l\u00e9chargez Inca Spin app pour jouer instantan\u00e9ment : vos informations de compte, vos moyens de paiement et vos bonus seront parfaitement synchronis\u00e9s.","breadcrumb":{"@id":"https:\/\/inca-spin.net\/fr\/app\/#breadcrumb"},"inLanguage":"fr-FR","potentialAction":[{"@type":"ReadAction","target":["https:\/\/inca-spin.net\/fr\/app\/"]}]},{"@type":"BreadcrumbList","@id":"https:\/\/inca-spin.net\/fr\/app\/#breadcrumb","itemListElement":[{"@type":"ListItem","position":1,"name":"Incaspin","item":"https:\/\/inca-spin.net\/fr\/"},{"@type":"ListItem","position":2,"name":"App"}]},{"@type":"WebSite","@id":"https:\/\/inca-spin.net\/fr\/#website","url":"https:\/\/inca-spin.net\/fr\/","name":"Incaspin","description":"","publisher":{"@id":"https:\/\/inca-spin.net\/fr\/#organization"},"potentialAction":[{"@type":"SearchAction","target":{"@type":"EntryPoint","urlTemplate":"https:\/\/inca-spin.net\/fr\/?s={search_term_string}"},"query-input":{"@type":"PropertyValueSpecification","valueRequired":true,"valueName":"search_term_string"}}],"inLanguage":"fr-FR"},{"@type":"Organization","@id":"https:\/\/inca-spin.net\/fr\/#organization","name":"Incaspin","url":"https:\/\/inca-spin.net\/fr\/","logo":{"@type":"ImageObject","inLanguage":"fr-FR","@id":"https:\/\/inca-spin.net\/fr\/#\/schema\/logo\/image\/","url":"https:\/\/inca-spin.net\/wp-content\/uploads\/2025\/06\/80u1FaquEZeR6OUTeJCc-1.svg","contentUrl":"https:\/\/inca-spin.net\/wp-content\/uploads\/2025\/06\/80u1FaquEZeR6OUTeJCc-1.svg","width":63,"height":24,"caption":"Incaspin"},"image":{"@id":"https:\/\/inca-spin.net\/fr\/#\/schema\/logo\/image\/"}}]}},"_links":{"self":[{"href":"https:\/\/inca-spin.net\/fr\/wp-json\/wp\/v2\/pages\/862","targetHints":{"allow":["GET"]}}],"collection":[{"href":"https:\/\/inca-spin.net\/fr\/wp-json\/wp\/v2\/pages"}],"about":[{"href":"https:\/\/inca-spin.net\/fr\/wp-json\/wp\/v2\/types\/page"}],"author":[{"embeddable":true,"href":"https:\/\/inca-spin.net\/fr\/wp-json\/wp\/v2\/users\/1"}],"replies":[{"embeddable":true,"href":"https:\/\/inca-spin.net\/fr\/wp-json\/wp\/v2\/comments?post=862"}],"version-history":[{"count":3,"href":"https:\/\/inca-spin.net\/fr\/wp-json\/wp\/v2\/pages\/862\/revisions"}],"predecessor-version":[{"id":1634,"href":"https:\/\/inca-spin.net\/fr\/wp-json\/wp\/v2\/pages\/862\/revisions\/1634"}],"wp:attachment":[{"href":"https:\/\/inca-spin.net\/fr\/wp-json\/wp\/v2\/media?parent=862"}],"curies":[{"name":"wp","href":"https:\/\/api.w.org\/{rel}","templated":true}]}}