{"id":868,"date":"2025-11-27T10:20:20","date_gmt":"2025-11-27T08:20:20","guid":{"rendered":"https:\/\/inca-spin.net\/app\/"},"modified":"2025-12-03T17:18:27","modified_gmt":"2025-12-03T15:18:27","slug":"applicazione","status":"publish","type":"page","link":"https:\/\/inca-spin.net\/it\/applicazione\/","title":{"rendered":"Applicazione"},"content":{"rendered":"<h1>App Incaspin per iOS e Android<\/h1>\n<p>Con Incaspin app puoi giocare a tutti i giochi del casin\u00f2 direttamente dal tuo telefono. L&#8217;app funziona senza intoppi e ti d\u00e0 accesso immediato a migliaia di giochi. La piattaforma supporta il gioco su Android, iOS e browser web senza sacrificare qualit\u00e0 o funzionalit\u00e0. Con la tecnologia progressive web application, puoi iniziare a giocare subito, senza dover aspettare un lungo download.<\/p>\n<p><div class=\"banner-wrap\" aria-label=\"Banner\"><img src=\"https:\/\/inca-spin.net\/wp-content\/uploads\/2025\/06\/z4d0uaHjlc4sWned1EMP-1.webp\" class=\"w-100 d-none d-lg-block img-pc main-banner-img\" alt=\"Incaspin desktop banner\" fetchpriority=\"high\" decoding=\"async\"><img src=\"https:\/\/inca-spin.net\/wp-content\/uploads\/2025\/11\/Incaspin-mobile-banner.webp\" class=\"w-100 d-none d-md-block d-lg-none main-banner-img\" alt=\"Incaspin mobile banner\" fetchpriority=\"high\" decoding=\"async\"><img src=\"https:\/\/inca-spin.net\/wp-content\/uploads\/2025\/11\/Incaspin-mobile-banner.webp\" class=\"w-100 d-md-none\" alt=\"Incaspin mobile banner\" fetchpriority=\"high\" decoding=\"async\"><div class=\"banner-description\">\n<div class=\"banner-title\">Bonus di benvenuto<\/div>\n<p class=\"banner-header-title\">\u20ac1,500<\/p>\n<div class=\"banner-header-AdditionalText\">+ 250 Giri gratuiti<\/div>\n<button data-item=\"homepage_banner_link\" class=\"goto m-button m-gradient-border m-button--primary m-button--large banner-button btn-orange\">\n            <div class=\"m-button-content\">\n                <span>Iscriviti ora<\/span>\n                <span><\/span>\n            <\/div>\n        <\/button>\n<\/div>\n<div class=\"WelcomePack\">\n<p><img loading=\"lazy\" decoding=\"async\" class=\"alignnone size-full wp-image-818\" src=\"https:\/\/inca-spin.net\/wp-content\/uploads\/2025\/11\/welcome-crown.svg\" alt=\"crown\" width=\"25\" height=\"26\" \/><\/p>\n<div class=\"WelcomePack-Info\">Cashback settimanale fino al 25%<\/div>\n<p><img loading=\"lazy\" decoding=\"async\" class=\"alignnone size-full wp-image-818\" src=\"https:\/\/inca-spin.net\/wp-content\/uploads\/2025\/11\/welcome-crown.svg\" alt=\"crown\" width=\"25\" height=\"26\" \/><\/p>\n<\/div>\n<\/div><div class=\"scrollable-content-wrap my-5\"><div class=\"scrollable-content-inner\"><h2>App Incaspin per Dispositivi Android<\/h2>\n<p>Gli utenti Android possono accedere all&#8217;app Incaspin tramite una progressive web app che possono scaricare dal sito web del casin\u00f2. Questo metodo aggira le restrizioni del Google Play Store offrendoti comunque l&#8217;esperienza che ti aspetteresti da un&#8217;applicazione nativa. L&#8217;installazione richiede solo un minuto e non sono necessarie autorizzazioni speciali o procedure di configurazione complicate.<\/p>\n<h3>Scarica l&#8217;App<\/h3>\n<ol>\n<li>Visita il sito web ufficiale di Incaspin utilizzando Chrome o qualsiasi browser Android.<\/li>\n<li>Tocca l&#8217;icona del menu nell&#8217;angolo in alto a destra e scegli la sezione app mobile dalle impostazioni.<\/li>\n<li>Il sistema ti chieder\u00e0 di aggiungere l&#8217;applicazione alla tua schermata home, creando un collegamento immediato che avvia l&#8217;intera interfaccia del casin\u00f2.<\/li>\n<li>Scegli &#8220;Aggiungi alla schermata Home&#8221; e tocca &#8220;Aggiungi&#8221; per completare l&#8217;installazione.<\/li>\n<\/ol>\n<p>L&#8217;icona appare immediatamente sulla tua schermata home, pronta per essere avviata con un solo tap ogni volta che vuoi giocare.<\/p>\n<p><img loading=\"lazy\" decoding=\"async\" src=\"https:\/\/inca-spin.net\/wp-content\/uploads\/2025\/11\/Incaspin-Android.webp\" alt=\"Incaspin Android\" width=\"1248\" height=\"536\" \/><\/p>\n<\/div><\/div><div style=\"clear: both\"><\/div><div class=\"d-flex justify-content-center\"><button data-item=\"decouvrez_link\" data-group=\"website_links\" class=\"goto fw-bold rounded-pill btn btn-orange\" aria-label=\"Scarica l&#039;app Incaspin\" >Scarica l&#039;app Incaspin<\/button><\/div><div class=\"scrollable-content-wrap my-5\"><div class=\"scrollable-content-inner\"><h2>Ottieni l&#8217;Applicazione per iOS<\/h2>\n<p>I dispositivi iOS possono accedere a Incaspin tramite le funzionalit\u00e0 di progressive web application di Safari, che funzionano come app native senza scaricare nulla dall&#8217;App Store. I controlli tattili e il design reattivo rendono l&#8217;esperienza identica per gli utenti iPhone e iPad.<\/p>\n<h3>Scarica l&#8217;App iOS<\/h3>\n<ol>\n<li>Apri Safari e vai sul sito web del casin\u00f2 Incaspin.<\/li>\n<li>Tocca il pulsante Condivisione in fondo allo schermo, che ha l&#8217;aspetto di un quadrato con una freccia verso l&#8217;alto.<\/li>\n<li>Scorri tra le opzioni e tocca &#8220;Aggiungi alla Home&#8221; dal menu.<\/li>\n<li>Modifica il nome dell&#8217;applicazione se necessario e tocca &#8220;Aggiungi&#8221; nell&#8217;angolo in alto a destra per completare l&#8217;installazione.<\/li>\n<\/ol>\n<p>L&#8217;icona di Incaspin ora si trova accanto alle tue altre app, rendendo facile l&#8217;accesso senza occupare molto spazio sul tuo dispositivo. Se riscontri problemi con il processo di verifica o installazione, contatta il team di supporto tramite live chat o email.<\/p>\n<p><img loading=\"lazy\" decoding=\"async\" src=\"https:\/\/inca-spin.net\/wp-content\/uploads\/2025\/11\/Incaspin-iOS.webp\" alt=\"Incaspin iOS\" width=\"1248\" height=\"536\" \/><\/p>\n<\/div><\/div><div style=\"clear: both\"><\/div><div class=\"d-flex justify-content-center\"><button data-item=\"decouvrez_link\" data-group=\"website_links\" class=\"goto fw-bold rounded-pill btn btn-orange\" aria-label=\"Scarica Incaspin\" >Scarica Incaspin<\/button><\/div><div class=\"scrollable-content-wrap my-5\"><div class=\"scrollable-content-inner\"><h2>Gioca a Inca Spin sul Web<\/h2>\n<p>I giocatori desktop possono utilizzare qualsiasi browser web moderno per accedere all&#8217;intera piattaforma Incaspin, senza bisogno di scaricare software aggiuntivo. Chrome, Safari, Firefox ed Edge possono essere tutti utilizzati per accedere all&#8217;interfaccia web-based del casin\u00f2, che ha tutte le stesse funzionalit\u00e0 delle versioni mobile. Il design reattivo si adatta in base alle dimensioni del tuo schermo, sia che tu stia utilizzando un laptop, un monitor desktop o un tablet in modalit\u00e0 orizzontale.<\/p>\n<p>Per creare un collegamento sul desktop, vai sul sito web del casin\u00f2 e utilizza gli strumenti per segnalibri o collegamenti del tuo browser. Gli utenti Windows possono trascinare l&#8217;URL sul loro desktop, mentre gli utenti Mac possono aggiungere il sito al loro Dock. Il metodo web-based ti permette di giocare alla versione pi\u00f9 recente senza doverti preoccupare di aggiornamenti manuali o problemi di compatibilit\u00e0.<\/p>\n<p><img loading=\"lazy\" decoding=\"async\" src=\"https:\/\/inca-spin.net\/wp-content\/uploads\/2025\/11\/Incaspin-Desktop.webp\" alt=\"Incaspin Desktop\" width=\"1248\" height=\"536\" \/><\/p>\n<\/div><\/div><div style=\"clear: both\"><\/div><div class=\"d-flex justify-content-center\"><button data-item=\"decouvrez_link\" data-group=\"website_links\" class=\"goto fw-bold rounded-pill btn btn-orange\" aria-label=\"Scarica l&#039;app Incaspin\" >Scarica l&#039;app Incaspin<\/button><\/div><div class=\"scrollable-content-wrap my-5\"><div class=\"scrollable-content-inner\"><h2>Vantaggi e Caratteristiche dell&#8217;App Incaspin<\/h2>\n<table>\n<tbody>\n<tr>\n<td>Caratteristica<\/td>\n<td>Applicazione mobile<\/td>\n<td>Browser desktop<\/td>\n<\/tr>\n<tr>\n<td>Tempo di installazione<\/td>\n<td>Meno di 60 secondi<\/td>\n<td>Accesso immediato<\/td>\n<\/tr>\n<tr>\n<td>Spazio di archiviazione richiesto<\/td>\n<td>Minimo (meno di 5 MB)<\/td>\n<td>Non \u00e8 necessario alcuno spazio di archiviazione<\/td>\n<\/tr>\n<tr>\n<td>Libreria di giochi<\/td>\n<td>Catalogo completo disponibile<\/td>\n<td>Catalogo completo disponibile<\/td>\n<\/tr>\n<tr>\n<td>Comandi touch<\/td>\n<td>Ottimizzato per dispositivi mobili<\/td>\n<td>Mouse e tastiera<\/td>\n<\/tr>\n<\/tbody>\n<\/table>\n<p>L&#8217;applicazione mobile \u00e8 pi\u00f9 facile da portare con s\u00e9, ma non toglie nulla all&#8217;esperienza di gioco che avresti su un desktop. Su smartphone e tablet, ogni slot machine, gioco di tavolo e gioco con dealer dal vivo nella libreria principale funziona perfettamente. Non importa la dimensione del dispositivo che usi, l&#8217;interfaccia si adatter\u00e0 automaticamente allo schermo. In questo modo, potrai comunque accedere facilmente ai pulsanti e vedere grafiche chiare.<\/p>\n<p>Per molti tipi di giochi, i controlli ottimizzati per il touchscreen rendono il gioco pi\u00f9 facile rispetto all&#8217;uso del mouse. Usa gesti naturali per far girare le slot online, piazzare le puntate e zoomare sui dettagli di gioco.<\/p>\n<p>Non esiste una modalit\u00e0 offline perch\u00e9 tutti i giochi devono essere connessi a un server per il gioco equo e le transazioni con denaro reale. Ma l&#8217;app si avvia pi\u00f9 velocemente rispetto all&#8217;apertura di un browser mobile e alla digitazione dell&#8217;indirizzo web. Questo fa risparmiare tempo quando vuoi iniziare a giocare subito. Con l&#8217;icona dedicata sulla schermata home, non devi ricordare gli URL o cercare tra i segnalibri del browser per trovare ci\u00f2 che ti serve.<\/p>\n<p>Tutti i trasferimenti di dati sono protetti dalla crittografia SSL a 256 bit, lo stesso livello di sicurezza utilizzato sui computer desktop. Tutte le transazioni sono gestite tramite connessioni server sicure, quindi l&#8217;applicazione non memorizza mai informazioni di pagamento sensibili sul tuo dispositivo.<\/p>\n<p>Le prestazioni sono le stesse su tutte le generazioni di dispositivi. Gli smartphone pi\u00f9 vecchi possono eseguire l&#8217;app in modo fluido quanto i modelli pi\u00f9 recenti. L&#8217;architettura progressive web app richiede solo una piccola quantit\u00e0 di risorse di sistema, quindi funziona su dispositivi rilasciati negli ultimi anni. Aggiornamenti automatici regolari aggiungono nuove funzionalit\u00e0 e rendono l&#8217;applicazione pi\u00f9 sicura, senza che tu debba scaricarli ogni volta dagli app store.<\/p>\n<h2>FAQ<\/h2>\n<h3>L&#8217;app Inca Spin funziona sia su iOS che Android?<\/h3>\n<p>S\u00ec, l&#8217;applicazione Incaspin funziona sia su dispositivi iOS che Android grazie alla tecnologia progressive web app. Gli utenti Android possono scaricarla direttamente dal sito web del casin\u00f2 utilizzando Chrome, mentre gli utenti iOS possono scaricarla tramite il menu di condivisione in Safari. Entrambe le versioni ti danno accesso all&#8217;intera libreria di giochi e alle stesse funzionalit\u00e0.<\/p>\n<h3>Devo aggiornare manualmente l&#8217;app?<\/h3>\n<p>L&#8217;app si aggiorna automaticamente ogni volta che la apri, quindi non devi fare nulla. Quando avvii la piattaforma, l&#8217;architettura progressive web application ti fornisce immediatamente le funzionalit\u00e0 pi\u00f9 recenti e una sicurezza migliore.<\/p>\n<h3>Posso giocare a tutti i giochi sul mio telefono?<\/h3>\n<p>Ogni gioco nel catalogo di Incaspin pu\u00f2 essere giocato in mobilit\u00e0 con l&#8217;app del casin\u00f2 mobile. Le slot, i giochi di tavolo, i giochi con dealer live e i giochi speciali funzionano tutti allo stesso modo che sul tuo computer. Gli sviluppatori di giochi si assicurano che i loro giochi funzionino bene su tutti i dispositivi ottimizzando i loro contenuti per il gioco mobile.<\/p>\n<h3>Siete sicuri che l&#8217;app sia sicura quanto il sito web?<\/h3>\n<p>Gli standard di crittografia e i protocolli di autenticazione utilizzati per i dispositivi mobili sono gli stessi di quelli utilizzati per i computer desktop. L&#8217;applicazione utilizza gli stessi server sicuri e le stesse misure di sicurezza dei dati del sito web per mantenere le tue informazioni al sicuro.<\/p>\n<\/div><\/div><\/p>\n","protected":false},"excerpt":{"rendered":"<p>App Incaspin per iOS e Android Con Incaspin app puoi giocare a tutti i giochi del casin\u00f2 direttamente dal tuo telefono. L&#8217;app funziona senza intoppi e ti d\u00e0 accesso immediato a migliaia di giochi. La piattaforma supporta il gioco su Android, iOS e browser web senza sacrificare qualit\u00e0 o funzionalit\u00e0. Con la tecnologia progressive web [&hellip;]<\/p>\n","protected":false},"author":1,"featured_media":0,"parent":0,"menu_order":0,"comment_status":"closed","ping_status":"closed","template":"template-builder.php","meta":{"_acf_changed":false,"inline_featured_image":false,"footnotes":""},"class_list":["post-868","page","type-page","status-publish","hentry"],"acf":[],"yoast_head":"<!-- This site is optimized with the Yoast SEO plugin v27.3 - https:\/\/yoast.com\/product\/yoast-seo-wordpress\/ -->\n<title>Scarica Incaspin Casino App | Gioca ovunque tu sia<\/title>\n<meta name=\"description\" content=\"Le tue slot preferite sono sempre pronte per essere giocate sul tuo smartphone o tablet. Scarica Inca Spin app per giocare subito, con tutti i dettagli del tuo account, i metodi di pagamento e i bonus perfettamente sincronizzati.\" \/>\n<meta name=\"robots\" content=\"index, follow, max-snippet:-1, max-image-preview:large, max-video-preview:-1\" \/>\n<link rel=\"canonical\" href=\"https:\/\/inca-spin.net\/it\/applicazione\/\" \/>\n<meta property=\"og:locale\" content=\"it_IT\" \/>\n<meta property=\"og:type\" content=\"article\" \/>\n<meta property=\"og:title\" content=\"Scarica Incaspin Casino App | Gioca ovunque tu sia\" \/>\n<meta property=\"og:description\" content=\"Le tue slot preferite sono sempre pronte per essere giocate sul tuo smartphone o tablet. Scarica Inca Spin app per giocare subito, con tutti i dettagli del tuo account, i metodi di pagamento e i bonus perfettamente sincronizzati.\" \/>\n<meta property=\"og:url\" content=\"https:\/\/inca-spin.net\/it\/applicazione\/\" \/>\n<meta property=\"og:site_name\" content=\"incaspin\" \/>\n<meta property=\"article:modified_time\" content=\"2025-12-03T15:18:27+00:00\" \/>\n<meta name=\"twitter:card\" content=\"summary_large_image\" \/>\n<meta name=\"twitter:label1\" content=\"Est. reading time\" \/>\n\t<meta name=\"twitter:data1\" content=\"1 minute\" \/>\n<script type=\"application\/ld+json\" class=\"yoast-schema-graph\">{\"@context\":\"https:\\\/\\\/schema.org\",\"@graph\":[{\"@type\":\"WebPage\",\"@id\":\"https:\\\/\\\/inca-spin.net\\\/it\\\/applicazione\\\/\",\"url\":\"https:\\\/\\\/inca-spin.net\\\/it\\\/applicazione\\\/\",\"name\":\"Scarica Incaspin Casino App | Gioca ovunque tu sia\",\"isPartOf\":{\"@id\":\"https:\\\/\\\/inca-spin.net\\\/it\\\/#website\"},\"datePublished\":\"2025-11-27T08:20:20+00:00\",\"dateModified\":\"2025-12-03T15:18:27+00:00\",\"description\":\"Le tue slot preferite sono sempre pronte per essere giocate sul tuo smartphone o tablet. Scarica Inca Spin app per giocare subito, con tutti i dettagli del tuo account, i metodi di pagamento e i bonus perfettamente sincronizzati.\",\"breadcrumb\":{\"@id\":\"https:\\\/\\\/inca-spin.net\\\/it\\\/applicazione\\\/#breadcrumb\"},\"inLanguage\":\"it-IT\",\"potentialAction\":[{\"@type\":\"ReadAction\",\"target\":[\"https:\\\/\\\/inca-spin.net\\\/it\\\/applicazione\\\/\"]}]},{\"@type\":\"BreadcrumbList\",\"@id\":\"https:\\\/\\\/inca-spin.net\\\/it\\\/applicazione\\\/#breadcrumb\",\"itemListElement\":[{\"@type\":\"ListItem\",\"position\":1,\"name\":\"Incaspin\",\"item\":\"https:\\\/\\\/inca-spin.net\\\/it\\\/\"},{\"@type\":\"ListItem\",\"position\":2,\"name\":\"Applicazione\"}]},{\"@type\":\"WebSite\",\"@id\":\"https:\\\/\\\/inca-spin.net\\\/it\\\/#website\",\"url\":\"https:\\\/\\\/inca-spin.net\\\/it\\\/\",\"name\":\"Incaspin\",\"description\":\"\",\"publisher\":{\"@id\":\"https:\\\/\\\/inca-spin.net\\\/it\\\/#organization\"},\"potentialAction\":[{\"@type\":\"SearchAction\",\"target\":{\"@type\":\"EntryPoint\",\"urlTemplate\":\"https:\\\/\\\/inca-spin.net\\\/it\\\/?s={search_term_string}\"},\"query-input\":{\"@type\":\"PropertyValueSpecification\",\"valueRequired\":true,\"valueName\":\"search_term_string\"}}],\"inLanguage\":\"it-IT\"},{\"@type\":\"Organization\",\"@id\":\"https:\\\/\\\/inca-spin.net\\\/it\\\/#organization\",\"name\":\"Incaspin\",\"url\":\"https:\\\/\\\/inca-spin.net\\\/it\\\/\",\"logo\":{\"@type\":\"ImageObject\",\"inLanguage\":\"it-IT\",\"@id\":\"https:\\\/\\\/inca-spin.net\\\/it\\\/#\\\/schema\\\/logo\\\/image\\\/\",\"url\":\"https:\\\/\\\/inca-spin.net\\\/wp-content\\\/uploads\\\/2025\\\/06\\\/80u1FaquEZeR6OUTeJCc-1.svg\",\"contentUrl\":\"https:\\\/\\\/inca-spin.net\\\/wp-content\\\/uploads\\\/2025\\\/06\\\/80u1FaquEZeR6OUTeJCc-1.svg\",\"width\":63,\"height\":24,\"caption\":\"Incaspin\"},\"image\":{\"@id\":\"https:\\\/\\\/inca-spin.net\\\/it\\\/#\\\/schema\\\/logo\\\/image\\\/\"}}]}<\/script>\n<!-- \/ Yoast SEO plugin. -->","yoast_head_json":{"title":"Scarica Incaspin Casino App | Gioca ovunque tu sia","description":"Le tue slot preferite sono sempre pronte per essere giocate sul tuo smartphone o tablet. Scarica Inca Spin app per giocare subito, con tutti i dettagli del tuo account, i metodi di pagamento e i bonus perfettamente sincronizzati.","robots":{"index":"index","follow":"follow","max-snippet":"max-snippet:-1","max-image-preview":"max-image-preview:large","max-video-preview":"max-video-preview:-1"},"canonical":"https:\/\/inca-spin.net\/it\/applicazione\/","og_locale":"it_IT","og_type":"article","og_title":"Scarica Incaspin Casino App | Gioca ovunque tu sia","og_description":"Le tue slot preferite sono sempre pronte per essere giocate sul tuo smartphone o tablet. Scarica Inca Spin app per giocare subito, con tutti i dettagli del tuo account, i metodi di pagamento e i bonus perfettamente sincronizzati.","og_url":"https:\/\/inca-spin.net\/it\/applicazione\/","og_site_name":"incaspin","article_modified_time":"2025-12-03T15:18:27+00:00","twitter_card":"summary_large_image","twitter_misc":{"Est. reading time":"1 minute"},"schema":{"@context":"https:\/\/schema.org","@graph":[{"@type":"WebPage","@id":"https:\/\/inca-spin.net\/it\/applicazione\/","url":"https:\/\/inca-spin.net\/it\/applicazione\/","name":"Scarica Incaspin Casino App | Gioca ovunque tu sia","isPartOf":{"@id":"https:\/\/inca-spin.net\/it\/#website"},"datePublished":"2025-11-27T08:20:20+00:00","dateModified":"2025-12-03T15:18:27+00:00","description":"Le tue slot preferite sono sempre pronte per essere giocate sul tuo smartphone o tablet. Scarica Inca Spin app per giocare subito, con tutti i dettagli del tuo account, i metodi di pagamento e i bonus perfettamente sincronizzati.","breadcrumb":{"@id":"https:\/\/inca-spin.net\/it\/applicazione\/#breadcrumb"},"inLanguage":"it-IT","potentialAction":[{"@type":"ReadAction","target":["https:\/\/inca-spin.net\/it\/applicazione\/"]}]},{"@type":"BreadcrumbList","@id":"https:\/\/inca-spin.net\/it\/applicazione\/#breadcrumb","itemListElement":[{"@type":"ListItem","position":1,"name":"Incaspin","item":"https:\/\/inca-spin.net\/it\/"},{"@type":"ListItem","position":2,"name":"Applicazione"}]},{"@type":"WebSite","@id":"https:\/\/inca-spin.net\/it\/#website","url":"https:\/\/inca-spin.net\/it\/","name":"Incaspin","description":"","publisher":{"@id":"https:\/\/inca-spin.net\/it\/#organization"},"potentialAction":[{"@type":"SearchAction","target":{"@type":"EntryPoint","urlTemplate":"https:\/\/inca-spin.net\/it\/?s={search_term_string}"},"query-input":{"@type":"PropertyValueSpecification","valueRequired":true,"valueName":"search_term_string"}}],"inLanguage":"it-IT"},{"@type":"Organization","@id":"https:\/\/inca-spin.net\/it\/#organization","name":"Incaspin","url":"https:\/\/inca-spin.net\/it\/","logo":{"@type":"ImageObject","inLanguage":"it-IT","@id":"https:\/\/inca-spin.net\/it\/#\/schema\/logo\/image\/","url":"https:\/\/inca-spin.net\/wp-content\/uploads\/2025\/06\/80u1FaquEZeR6OUTeJCc-1.svg","contentUrl":"https:\/\/inca-spin.net\/wp-content\/uploads\/2025\/06\/80u1FaquEZeR6OUTeJCc-1.svg","width":63,"height":24,"caption":"Incaspin"},"image":{"@id":"https:\/\/inca-spin.net\/it\/#\/schema\/logo\/image\/"}}]}},"_links":{"self":[{"href":"https:\/\/inca-spin.net\/it\/wp-json\/wp\/v2\/pages\/868","targetHints":{"allow":["GET"]}}],"collection":[{"href":"https:\/\/inca-spin.net\/it\/wp-json\/wp\/v2\/pages"}],"about":[{"href":"https:\/\/inca-spin.net\/it\/wp-json\/wp\/v2\/types\/page"}],"author":[{"embeddable":true,"href":"https:\/\/inca-spin.net\/it\/wp-json\/wp\/v2\/users\/1"}],"replies":[{"embeddable":true,"href":"https:\/\/inca-spin.net\/it\/wp-json\/wp\/v2\/comments?post=868"}],"version-history":[{"count":2,"href":"https:\/\/inca-spin.net\/it\/wp-json\/wp\/v2\/pages\/868\/revisions"}],"predecessor-version":[{"id":1357,"href":"https:\/\/inca-spin.net\/it\/wp-json\/wp\/v2\/pages\/868\/revisions\/1357"}],"wp:attachment":[{"href":"https:\/\/inca-spin.net\/it\/wp-json\/wp\/v2\/media?parent=868"}],"curies":[{"name":"wp","href":"https:\/\/api.w.org\/{rel}","templated":true}]}}