{"id":927,"date":"2025-11-27T10:24:09","date_gmt":"2025-11-27T08:24:09","guid":{"rendered":"https:\/\/inca-spin.net\/login-and-registration\/"},"modified":"2025-12-03T17:19:42","modified_gmt":"2025-12-03T15:19:42","slug":"accesso-e-registrazione","status":"publish","type":"page","link":"https:\/\/inca-spin.net\/it\/accesso-e-registrazione\/","title":{"rendered":"Accesso e registrazione"},"content":{"rendered":"<h1>Accesso e Creazione Account Incaspin<\/h1>\n<p>Il processo di Incaspin login rende facile configurare un account e prendere il controllo del tuo percorso di gioco. Puoi accedere al tuo account in qualsiasi momento per esplorare i giochi, controllare il tuo saldo e modificare le tue impostazioni senza preoccupazioni.<\/p>\n<p><div class=\"banner-wrap\" aria-label=\"Banner\"><img src=\"https:\/\/inca-spin.net\/wp-content\/uploads\/2025\/06\/z4d0uaHjlc4sWned1EMP-1.webp\" class=\"w-100 d-none d-lg-block img-pc main-banner-img\" alt=\"Incaspin desktop banner\" fetchpriority=\"high\" decoding=\"async\"><img src=\"https:\/\/inca-spin.net\/wp-content\/uploads\/2025\/11\/Incaspin-mobile-banner.webp\" class=\"w-100 d-none d-md-block d-lg-none main-banner-img\" alt=\"Incaspin mobile banner\" fetchpriority=\"high\" decoding=\"async\"><img src=\"https:\/\/inca-spin.net\/wp-content\/uploads\/2025\/11\/Incaspin-mobile-banner.webp\" class=\"w-100 d-md-none\" alt=\"Incaspin mobile banner\" fetchpriority=\"high\" decoding=\"async\"><div class=\"banner-description\">\n<div class=\"banner-title\">Bonus di benvenuto<\/div>\n<p class=\"banner-header-title\">\u20ac1,500<\/p>\n<div class=\"banner-header-AdditionalText\">+ 250 Giri gratuiti<\/div>\n<button data-item=\"homepage_banner_link\" class=\"goto m-button m-gradient-border m-button--primary m-button--large banner-button btn-orange\">\n            <div class=\"m-button-content\">\n                <span>Iscriviti ora<\/span>\n                <span><\/span>\n            <\/div>\n        <\/button>\n<\/div>\n<div class=\"WelcomePack\">\n<p><img loading=\"lazy\" decoding=\"async\" class=\"alignnone size-full wp-image-818\" src=\"https:\/\/inca-spin.net\/wp-content\/uploads\/2025\/11\/welcome-crown.svg\" alt=\"crown\" width=\"25\" height=\"26\" \/><\/p>\n<div class=\"WelcomePack-Info\">Cashback settimanale fino al 25%<\/div>\n<p><img loading=\"lazy\" decoding=\"async\" class=\"alignnone size-full wp-image-818\" src=\"https:\/\/inca-spin.net\/wp-content\/uploads\/2025\/11\/welcome-crown.svg\" alt=\"crown\" width=\"25\" height=\"26\" \/><\/p>\n<\/div>\n<\/div><div class=\"scrollable-content-wrap my-5\"><div class=\"scrollable-content-inner\"><h2>Iscriviti a Incaspin Casino<\/h2>\n<p>Creare un account Incaspin ti d\u00e0 accesso a un intero mondo di giochi creati apposta per te. Quando ti iscrivi per un profilo, ottieni l&#8217;accesso a offerte speciali, suggerimenti di giochi personalizzati e un modo sicuro per tenere traccia della tua cronologia transazioni. Il tuo account diventa il tuo hub di gioco personale dove puoi impostare limiti di deposito, monitorare la tua attivit\u00e0 e vivere un&#8217;esperienza di gioco su misura per i tuoi gusti.<\/p>\n<p>Quando ti iscrivi per un account, puoi anche partecipare a programmi fedelt\u00e0, richiedere bonus speciali e ottenere assistenza dal servizio clienti pi\u00f9 rapidamente. Puoi facilmente riprendere da dove avevi interrotto nella sessione successiva perch\u00e9 tutti i tuoi giochi preferiti sono salvati in un unico posto.<\/p>\n<h3>Come Creare il Tuo Account<\/h3>\n<p>Il processo di registrazione al casin\u00f2 Incaspin richiede pochi minuti e necessita di poche informazioni.<\/p>\n<ol>\n<li>Inizia cliccando il pulsante Iscriviti sulla homepage, che apre la prima finestra di registrazione.<\/li>\n<li>Inserisci il tuo indirizzo email, crea una password complessa e spunta la casella Termini e Condizioni per procedere.<\/li>\n<li>Clicca il pulsante Iscriviti per andare avanti.<\/li>\n<li>Una seconda finestra appare immediatamente dopo, richiedendo dettagli aggiuntivi per completare il tuo profilo.<\/li>\n<li>Fornisci il tuo nome, cognome, data di nascita e numero di telefono nei campi designati.<\/li>\n<li>Una volta inserite tutte le informazioni, clicca il pulsante Salva per finalizzare la tua registrazione.<\/li>\n<\/ol>\n<p>Il tuo account \u00e8 ora attivo e pronto per l&#8217;uso.<\/p>\n<h2>Verifica del Giocatore su Inca Spin<\/h2>\n<p>Il processo di verifica dell&#8217;account Inca Spin protegge i tuoi fondi e segue le leggi internazionali sul gioco. La piattaforma ha un processo KYC che verifica la tua et\u00e0 e identit\u00e0, il che protegge te e la community di gioco. Per verificare la tua identit\u00e0, di solito devi caricare un documento d&#8217;identit\u00e0 rilasciato dal governo e una prova di indirizzo tramite il sistema di caricamento sicuro nelle impostazioni del tuo account.<\/p>\n<p>Il processo di verifica di solito richiede 24-48 ore dopo l&#8217;invio dei documenti. Quando il tuo account sar\u00e0 completamente verificato, riceverai un&#8217;email. Questo passaggio \u00e8 necessario per elaborare i prelievi e utilizzare tutte le funzionalit\u00e0 della piattaforma senza restrizioni.<\/p>\n<h2>Accedi al Tuo Account<\/h2>\n<p>Accedere al tuo account Incaspin \u00e8 semplice.<\/p>\n<ol>\n<li>Vai sulla homepage e clicca il pulsante Accedi nell&#8217;angolo in alto a destra.<\/li>\n<li>Inserisci l&#8217;indirizzo email e la password utilizzati durante la registrazione, poi clicca il pulsante di invio.<\/li>\n<\/ol>\n<p>Ottieni immediatamente l&#8217;accesso alla tua dashboard personale.<\/p>\n<p>La dashboard ti mostra il tuo saldo attuale, le ultime transazioni e eventuali bonus ancora attivi. Puoi cambiare le tue impostazioni di comunicazione o impostare limiti per il gioco responsabile andando nel menu delle impostazioni.<\/p>\n<p>Nella sezione cronologia transazioni, puoi vedere un elenco di tutti i depositi e prelievi, insieme agli orari esatti e agli importi. Imposta limiti di tempo della sessione o periodi di pausa direttamente tramite il menu degli strumenti di autocontrollo.<\/p>\n<table>\n<tbody>\n<tr>\n<td>Funzionalit\u00e0 dell&#8217;account<\/td>\n<td>Descrizione<\/td>\n<\/tr>\n<tr>\n<td>Gestione dell&#8217;equilibrio<\/td>\n<td>Visualizza il saldo in tempo reale, deposita fondi e richiedi prelievi tramite metodi di pagamento sicuri<\/td>\n<\/tr>\n<tr>\n<td>Cronologia delle transazioni<\/td>\n<td>Accedi ai registri completi di tutte le attivit\u00e0 finanziarie con timestamp dettagliati e aggiornamenti di stato<\/td>\n<\/tr>\n<tr>\n<td>Strumenti di autocontrollo<\/td>\n<td>Imposta limiti di deposito, limiti di perdita, limiti di scommessa, limiti di tempo della sessione e periodi di riflessione<\/td>\n<\/tr>\n<\/tbody>\n<\/table>\n<h3>Istruzioni per il Reset della Password Incaspin<\/h3>\n<p>Dimenticare le password capita a tutti, e il recupero \u00e8 semplice.<\/p>\n<ol>\n<li>Clicca il pulsante Accedi e scegli il link Password Dimenticata sotto il campo della password.<\/li>\n<li>Inserisci il tuo indirizzo email registrato nel campo e clicca il pulsante di invio.<\/li>\n<li>Controlla la tua casella di posta per un link di reimpostazione password, che arriva entro pochi minuti.<\/li>\n<li>Clicca il link per aprire una pagina dove puoi creare una nuova password.<\/li>\n<li>Scegli una password complessa che combini lettere, numeri e caratteri speciali per la massima sicurezza.<\/li>\n<li>Conferma la tua nuova password inserendola due volte, poi salva le modifiche.<\/li>\n<li>Ora puoi accedere immediatamente utilizzando le tue nuove credenziali.<\/li>\n<\/ol>\n<p>Contatta il nostro team di supporto multilingue se riscontri problemi durante il processo.<\/p>\n<h2>Sicurezza e Protezione del Giocatore<\/h2>\n<p>Il casin\u00f2 Incaspin utilizza diversi livelli di sicurezza per mantenere al sicuro i tuoi soldi e le tue informazioni. Tutti i dati inviati tra il tuo dispositivo e i server sono crittografati con SSL a 256 bit, e il protocollo HTTPS garantisce che le connessioni siano sempre sicure. L&#8217;autenticazione a due fattori rende il tuo account ancora pi\u00f9 sicuro, richiedendo una verifica tramite il tuo telefono quando accedi.<\/p>\n<p>Gli standard di conformit\u00e0 GDPR sono utilizzati per tutte le elaborazioni dei pagamenti. In questo modo le tue informazioni personali sono gestite nel modo pi\u00f9 sicuro possibile. La piattaforma segue regole rigorose per il gioco equo e la sicurezza dei giocatori, come stabilito dalle autorit\u00e0 riconosciute che le rilasciano le licenze.<\/p>\n<table>\n<tbody>\n<tr>\n<td>Misura di sicurezza<\/td>\n<td>Implementazione<\/td>\n<\/tr>\n<tr>\n<td>Crittografia dei dati<\/td>\n<td>Crittografia SSL a 256 bit e protocollo HTTPS per tutte le comunicazioni<\/td>\n<\/tr>\n<tr>\n<td>Protezione dell&#8217;account<\/td>\n<td>Autenticazione a due fattori, verifica KYC e conformit\u00e0 al GDPR<\/td>\n<\/tr>\n<tr>\n<td>Gioco leale<\/td>\n<td>Software con licenza, sistemi RNG certificati e conformit\u00e0 normativa con gli standard MGA, UKGC e Curacao<\/td>\n<\/tr>\n<tr>\n<td>Gioco responsabile<\/td>\n<td>Verifica dell&#8217;et\u00e0 (18+), notifiche di sessione, limiti di deposito, opzioni di autoesclusione e chiusura permanente dell&#8217;account<\/td>\n<\/tr>\n<\/tbody>\n<\/table>\n<h2>FAQ<\/h2>\n<h3>Cosa devo fare se perdo la password?<\/h3>\n<p>Quando arrivi alla pagina di accesso, clicca il link &#8220;Password Dimenticata&#8221; e inserisci il tuo indirizzo email registrato. Poi, segui le istruzioni che vengono inviate alla tua email per reimpostare la password. Il processo richiede solo pochi minuti e puoi creare subito una nuova password sicura.<\/p>\n<h3>Quali informazioni servono per registrarsi?<\/h3>\n<p>La registrazione richiede un indirizzo email, una password sicura, nome e cognome, una data di nascita e un numero di telefono. Tutti i dati sono memorizzati secondo gli standard GDPR e inviati tramite connessioni crittografate.<\/p>\n<h3>Perch\u00e9 non riesco ad accedere al mio account?<\/h3>\n<p>Di solito si hanno problemi di accesso a causa di una password digitata erroneamente, un indirizzo email non verificato o la presenza di periodi di pausa attivi. Controlla nuovamente le tue credenziali, assicurati che la tua email sia verificata e mettiti in contatto con il servizio clienti se i problemi persistono. Il team di supporto pu\u00f2 aiutarti ad accedere al tuo account e risolvere problemi tecnici rapidamente tramite live chat o email.<\/p>\n<\/div><\/div><\/p>\n","protected":false},"excerpt":{"rendered":"<p>Accesso e Creazione Account Incaspin Il processo di Incaspin login rende facile configurare un account e prendere il controllo del tuo percorso di gioco. Puoi accedere al tuo account in qualsiasi momento per esplorare i giochi, controllare il tuo saldo e modificare le tue impostazioni senza preoccupazioni.<\/p>\n","protected":false},"author":1,"featured_media":0,"parent":0,"menu_order":0,"comment_status":"closed","ping_status":"closed","template":"template-builder.php","meta":{"_acf_changed":false,"inline_featured_image":false,"footnotes":""},"class_list":["post-927","page","type-page","status-publish","hentry"],"acf":[],"yoast_head":"<!-- This site is optimized with the Yoast SEO plugin v27.3 - https:\/\/yoast.com\/product\/yoast-seo-wordpress\/ -->\n<title>Incaspin Login | Accesso e registrazione sicuri dell&#039;account<\/title>\n<meta name=\"description\" content=\"Accedi alla tua dashboard personale con Inca Spin Login per rivedere la cronologia dei tuoi giochi, gestire i depositi e aggiornare le preferenze. Crea rapidamente un account e inizia a giocare a migliaia di giochi.\" \/>\n<meta name=\"robots\" content=\"index, follow, max-snippet:-1, max-image-preview:large, max-video-preview:-1\" \/>\n<link rel=\"canonical\" href=\"https:\/\/inca-spin.net\/it\/accesso-e-registrazione\/\" \/>\n<meta property=\"og:locale\" content=\"it_IT\" \/>\n<meta property=\"og:type\" content=\"article\" \/>\n<meta property=\"og:title\" content=\"Incaspin Login | Accesso e registrazione sicuri dell&#039;account\" \/>\n<meta property=\"og:description\" content=\"Accedi alla tua dashboard personale con Inca Spin Login per rivedere la cronologia dei tuoi giochi, gestire i depositi e aggiornare le preferenze. Crea rapidamente un account e inizia a giocare a migliaia di giochi.\" \/>\n<meta property=\"og:url\" content=\"https:\/\/inca-spin.net\/it\/accesso-e-registrazione\/\" \/>\n<meta property=\"og:site_name\" content=\"incaspin\" \/>\n<meta property=\"article:modified_time\" content=\"2025-12-03T15:19:42+00:00\" \/>\n<meta name=\"twitter:card\" content=\"summary_large_image\" \/>\n<meta name=\"twitter:label1\" content=\"Est. reading time\" \/>\n\t<meta name=\"twitter:data1\" content=\"1 minute\" \/>\n<script type=\"application\/ld+json\" class=\"yoast-schema-graph\">{\"@context\":\"https:\\\/\\\/schema.org\",\"@graph\":[{\"@type\":\"WebPage\",\"@id\":\"https:\\\/\\\/inca-spin.net\\\/it\\\/accesso-e-registrazione\\\/\",\"url\":\"https:\\\/\\\/inca-spin.net\\\/it\\\/accesso-e-registrazione\\\/\",\"name\":\"Incaspin Login | Accesso e registrazione sicuri dell'account\",\"isPartOf\":{\"@id\":\"https:\\\/\\\/inca-spin.net\\\/it\\\/#website\"},\"datePublished\":\"2025-11-27T08:24:09+00:00\",\"dateModified\":\"2025-12-03T15:19:42+00:00\",\"description\":\"Accedi alla tua dashboard personale con Inca Spin Login per rivedere la cronologia dei tuoi giochi, gestire i depositi e aggiornare le preferenze. Crea rapidamente un account e inizia a giocare a migliaia di giochi.\",\"breadcrumb\":{\"@id\":\"https:\\\/\\\/inca-spin.net\\\/it\\\/accesso-e-registrazione\\\/#breadcrumb\"},\"inLanguage\":\"it-IT\",\"potentialAction\":[{\"@type\":\"ReadAction\",\"target\":[\"https:\\\/\\\/inca-spin.net\\\/it\\\/accesso-e-registrazione\\\/\"]}]},{\"@type\":\"BreadcrumbList\",\"@id\":\"https:\\\/\\\/inca-spin.net\\\/it\\\/accesso-e-registrazione\\\/#breadcrumb\",\"itemListElement\":[{\"@type\":\"ListItem\",\"position\":1,\"name\":\"Incaspin\",\"item\":\"https:\\\/\\\/inca-spin.net\\\/it\\\/\"},{\"@type\":\"ListItem\",\"position\":2,\"name\":\"Accesso e registrazione\"}]},{\"@type\":\"WebSite\",\"@id\":\"https:\\\/\\\/inca-spin.net\\\/it\\\/#website\",\"url\":\"https:\\\/\\\/inca-spin.net\\\/it\\\/\",\"name\":\"Incaspin\",\"description\":\"\",\"publisher\":{\"@id\":\"https:\\\/\\\/inca-spin.net\\\/it\\\/#organization\"},\"potentialAction\":[{\"@type\":\"SearchAction\",\"target\":{\"@type\":\"EntryPoint\",\"urlTemplate\":\"https:\\\/\\\/inca-spin.net\\\/it\\\/?s={search_term_string}\"},\"query-input\":{\"@type\":\"PropertyValueSpecification\",\"valueRequired\":true,\"valueName\":\"search_term_string\"}}],\"inLanguage\":\"it-IT\"},{\"@type\":\"Organization\",\"@id\":\"https:\\\/\\\/inca-spin.net\\\/it\\\/#organization\",\"name\":\"Incaspin\",\"url\":\"https:\\\/\\\/inca-spin.net\\\/it\\\/\",\"logo\":{\"@type\":\"ImageObject\",\"inLanguage\":\"it-IT\",\"@id\":\"https:\\\/\\\/inca-spin.net\\\/it\\\/#\\\/schema\\\/logo\\\/image\\\/\",\"url\":\"https:\\\/\\\/inca-spin.net\\\/wp-content\\\/uploads\\\/2025\\\/06\\\/80u1FaquEZeR6OUTeJCc-1.svg\",\"contentUrl\":\"https:\\\/\\\/inca-spin.net\\\/wp-content\\\/uploads\\\/2025\\\/06\\\/80u1FaquEZeR6OUTeJCc-1.svg\",\"width\":63,\"height\":24,\"caption\":\"Incaspin\"},\"image\":{\"@id\":\"https:\\\/\\\/inca-spin.net\\\/it\\\/#\\\/schema\\\/logo\\\/image\\\/\"}}]}<\/script>\n<!-- \/ Yoast SEO plugin. -->","yoast_head_json":{"title":"Incaspin Login | Accesso e registrazione sicuri dell'account","description":"Accedi alla tua dashboard personale con Inca Spin Login per rivedere la cronologia dei tuoi giochi, gestire i depositi e aggiornare le preferenze. Crea rapidamente un account e inizia a giocare a migliaia di giochi.","robots":{"index":"index","follow":"follow","max-snippet":"max-snippet:-1","max-image-preview":"max-image-preview:large","max-video-preview":"max-video-preview:-1"},"canonical":"https:\/\/inca-spin.net\/it\/accesso-e-registrazione\/","og_locale":"it_IT","og_type":"article","og_title":"Incaspin Login | Accesso e registrazione sicuri dell'account","og_description":"Accedi alla tua dashboard personale con Inca Spin Login per rivedere la cronologia dei tuoi giochi, gestire i depositi e aggiornare le preferenze. Crea rapidamente un account e inizia a giocare a migliaia di giochi.","og_url":"https:\/\/inca-spin.net\/it\/accesso-e-registrazione\/","og_site_name":"incaspin","article_modified_time":"2025-12-03T15:19:42+00:00","twitter_card":"summary_large_image","twitter_misc":{"Est. reading time":"1 minute"},"schema":{"@context":"https:\/\/schema.org","@graph":[{"@type":"WebPage","@id":"https:\/\/inca-spin.net\/it\/accesso-e-registrazione\/","url":"https:\/\/inca-spin.net\/it\/accesso-e-registrazione\/","name":"Incaspin Login | Accesso e registrazione sicuri dell'account","isPartOf":{"@id":"https:\/\/inca-spin.net\/it\/#website"},"datePublished":"2025-11-27T08:24:09+00:00","dateModified":"2025-12-03T15:19:42+00:00","description":"Accedi alla tua dashboard personale con Inca Spin Login per rivedere la cronologia dei tuoi giochi, gestire i depositi e aggiornare le preferenze. Crea rapidamente un account e inizia a giocare a migliaia di giochi.","breadcrumb":{"@id":"https:\/\/inca-spin.net\/it\/accesso-e-registrazione\/#breadcrumb"},"inLanguage":"it-IT","potentialAction":[{"@type":"ReadAction","target":["https:\/\/inca-spin.net\/it\/accesso-e-registrazione\/"]}]},{"@type":"BreadcrumbList","@id":"https:\/\/inca-spin.net\/it\/accesso-e-registrazione\/#breadcrumb","itemListElement":[{"@type":"ListItem","position":1,"name":"Incaspin","item":"https:\/\/inca-spin.net\/it\/"},{"@type":"ListItem","position":2,"name":"Accesso e registrazione"}]},{"@type":"WebSite","@id":"https:\/\/inca-spin.net\/it\/#website","url":"https:\/\/inca-spin.net\/it\/","name":"Incaspin","description":"","publisher":{"@id":"https:\/\/inca-spin.net\/it\/#organization"},"potentialAction":[{"@type":"SearchAction","target":{"@type":"EntryPoint","urlTemplate":"https:\/\/inca-spin.net\/it\/?s={search_term_string}"},"query-input":{"@type":"PropertyValueSpecification","valueRequired":true,"valueName":"search_term_string"}}],"inLanguage":"it-IT"},{"@type":"Organization","@id":"https:\/\/inca-spin.net\/it\/#organization","name":"Incaspin","url":"https:\/\/inca-spin.net\/it\/","logo":{"@type":"ImageObject","inLanguage":"it-IT","@id":"https:\/\/inca-spin.net\/it\/#\/schema\/logo\/image\/","url":"https:\/\/inca-spin.net\/wp-content\/uploads\/2025\/06\/80u1FaquEZeR6OUTeJCc-1.svg","contentUrl":"https:\/\/inca-spin.net\/wp-content\/uploads\/2025\/06\/80u1FaquEZeR6OUTeJCc-1.svg","width":63,"height":24,"caption":"Incaspin"},"image":{"@id":"https:\/\/inca-spin.net\/it\/#\/schema\/logo\/image\/"}}]}},"_links":{"self":[{"href":"https:\/\/inca-spin.net\/it\/wp-json\/wp\/v2\/pages\/927","targetHints":{"allow":["GET"]}}],"collection":[{"href":"https:\/\/inca-spin.net\/it\/wp-json\/wp\/v2\/pages"}],"about":[{"href":"https:\/\/inca-spin.net\/it\/wp-json\/wp\/v2\/types\/page"}],"author":[{"embeddable":true,"href":"https:\/\/inca-spin.net\/it\/wp-json\/wp\/v2\/users\/1"}],"replies":[{"embeddable":true,"href":"https:\/\/inca-spin.net\/it\/wp-json\/wp\/v2\/comments?post=927"}],"version-history":[{"count":1,"href":"https:\/\/inca-spin.net\/it\/wp-json\/wp\/v2\/pages\/927\/revisions"}],"predecessor-version":[{"id":1358,"href":"https:\/\/inca-spin.net\/it\/wp-json\/wp\/v2\/pages\/927\/revisions\/1358"}],"wp:attachment":[{"href":"https:\/\/inca-spin.net\/it\/wp-json\/wp\/v2\/media?parent=927"}],"curies":[{"name":"wp","href":"https:\/\/api.w.org\/{rel}","templated":true}]}}