{"id":870,"date":"2025-11-27T10:20:20","date_gmt":"2025-11-27T08:20:20","guid":{"rendered":"https:\/\/inca-spin.net\/app\/"},"modified":"2025-12-04T12:00:22","modified_gmt":"2025-12-04T10:00:22","slug":"aplikacja","status":"publish","type":"page","link":"https:\/\/inca-spin.net\/pl\/aplikacja\/","title":{"rendered":"Aplikacja"},"content":{"rendered":"<h1>Aplikacja Incaspin na iOS i Androida<\/h1>\n<p>Dzi\u0119ki Incaspin app mo\u017cesz gra\u0107 we wszystkie gry kasynowe bezpo\u015brednio na swoim telefonie. Aplikacja dzia\u0142a p\u0142ynnie i daje Ci natychmiastowy dost\u0119p do tysi\u0119cy gier. Platforma obs\u0142uguje gr\u0119 na Androidzie, iOS i w przegl\u0105darkach internetowych bez utraty jako\u015bci lub funkcji. Dzi\u0119ki technologii progresywnej aplikacji internetowej (PWA) mo\u017cesz zacz\u0105\u0107 gra\u0107 od razu, bez konieczno\u015bci d\u0142ugiego pobierania.<\/p>\n<p><div class=\"banner-wrap\" aria-label=\"Banner\"><img src=\"https:\/\/inca-spin.net\/wp-content\/uploads\/2025\/06\/z4d0uaHjlc4sWned1EMP-1.webp\" class=\"w-100 d-none d-lg-block img-pc main-banner-img\" alt=\"Incaspin desktop banner\" fetchpriority=\"high\" decoding=\"async\"><img src=\"https:\/\/inca-spin.net\/wp-content\/uploads\/2025\/11\/Incaspin-mobile-banner.webp\" class=\"w-100 d-none d-md-block d-lg-none main-banner-img\" alt=\"Incaspin mobile banner\" fetchpriority=\"high\" decoding=\"async\"><img src=\"https:\/\/inca-spin.net\/wp-content\/uploads\/2025\/11\/Incaspin-mobile-banner.webp\" class=\"w-100 d-md-none\" alt=\"Incaspin mobile banner\" fetchpriority=\"high\" decoding=\"async\"><div class=\"banner-description\">\n<div class=\"banner-title\">Bonusy powitalne<\/div>\n<p class=\"banner-header-title\">\u20ac1,500<\/p>\n<div class=\"banner-header-AdditionalText\">+ 250 Darmowe spiny<\/div>\n<button data-item=\"homepage_banner_link\" class=\"goto m-button m-gradient-border m-button--primary m-button--large banner-button btn-orange\">\n            <div class=\"m-button-content\">\n                <span>Zarejestruj si\u0119 teraz<\/span>\n                <span><\/span>\n            <\/div>\n        <\/button>\n<\/div>\n<div class=\"WelcomePack\">\n<p><img loading=\"lazy\" decoding=\"async\" class=\"alignnone size-full wp-image-818\" src=\"https:\/\/inca-spin.net\/wp-content\/uploads\/2025\/11\/welcome-crown.svg\" alt=\"crown\" width=\"25\" height=\"26\" \/><\/p>\n<div class=\"WelcomePack-Info\">Cotygodniowy zwrot got\u00f3wki do 25%<\/div>\n<p><img loading=\"lazy\" decoding=\"async\" class=\"alignnone size-full wp-image-818\" src=\"https:\/\/inca-spin.net\/wp-content\/uploads\/2025\/11\/welcome-crown.svg\" alt=\"crown\" width=\"25\" height=\"26\" \/><\/p>\n<\/div>\n<\/div><div class=\"scrollable-content-wrap my-5\"><div class=\"scrollable-content-inner\"><h2>Aplikacja Incaspin na urz\u0105dzenia z Androidem<\/h2>\n<p>U\u017cytkownicy Androida mog\u0105 uzyska\u0107 dost\u0119p do aplikacji Incaspin poprzez progresywn\u0105 aplikacj\u0119 internetow\u0105, kt\u00f3r\u0105 mo\u017cna pobra\u0107 ze strony kasyna. Ta metoda omija ograniczenia Sklepu Google Play, zapewniaj\u0105c jednocze\u015bnie do\u015bwiadczenie oczekiwane od natywnej aplikacji. Instalacja trwa tylko minut\u0119 i nie wymaga \u017cadnych specjalnych uprawnie\u0144 ani skomplikowanych krok\u00f3w konfiguracyjnych.<\/p>\n<h3>Pobierz aplikacj\u0119<\/h3>\n<ol>\n<li>Odwied\u017a oficjaln\u0105 stron\u0119 Incaspin, u\u017cywaj\u0105c przegl\u0105darki Chrome lub dowolnej innej przegl\u0105darki na Androidzie.<\/li>\n<li>Kliknij ikon\u0119 menu w prawym g\u00f3rnym rogu i wybierz sekcj\u0119 aplikacji mobilnej z ustawie\u0144.<\/li>\n<li>System poprosi Ci\u0119 o dodanie aplikacji do ekranu g\u0142\u00f3wnego, tworz\u0105c natychmiastowy skr\u00f3t uruchamiaj\u0105cy pe\u0142ny interfejs kasyna.<\/li>\n<li>Wybierz \u201eDodaj do ekranu g\u0142\u00f3wnego\u201d i kliknij \u201eDodaj\u201d, aby zako\u0144czy\u0107 instalacj\u0119.<\/li>\n<\/ol>\n<p>Ikona pojawi si\u0119 natychmiast na Twoim ekranie g\u0142\u00f3wnym, gotowa do uruchomienia jednym dotkni\u0119ciem, kiedykolwiek chcesz gra\u0107.<\/p>\n<p><img loading=\"lazy\" decoding=\"async\" src=\"https:\/\/inca-spin.net\/wp-content\/uploads\/2025\/11\/Incaspin-Android.webp\" alt=\"Incaspin Android\" width=\"1248\" height=\"536\" \/><\/p>\n<\/div><\/div><div style=\"clear: both\"><\/div><div class=\"d-flex justify-content-center\"><button data-item=\"decouvrez_link\" data-group=\"website_links\" class=\"goto fw-bold rounded-pill btn btn-orange\" aria-label=\"Pobierz aplikacj\u0119 Incaspin\" >Pobierz aplikacj\u0119 Incaspin<\/button><\/div><div class=\"scrollable-content-wrap my-5\"><div class=\"scrollable-content-inner\"><h2>Pobierz aplikacj\u0119 na iOS<\/h2>\n<p>Urz\u0105dzenia z iOS mog\u0105 uzyska\u0107 dost\u0119p do Incaspin poprzez funkcje progresywnej aplikacji internetowej w Safari, kt\u00f3re dzia\u0142aj\u0105 jak aplikacje natywne, bez pobierania czegokolwiek z App Store. Optymalizacje dotykowe i responsywny design zapewniaj\u0105 identyczne do\u015bwiadczenie zar\u00f3wno u\u017cytkownikom iPhone&#8217;a, jak i iPada.<\/p>\n<h3>Pobierz aplikacj\u0119 na iOS<\/h3>\n<ol>\n<li>Otw\u00f3rz Safari i przejd\u017a na stron\u0119 kasyna Incaspin.<\/li>\n<li>Kliknij przycisk \u201eUdost\u0119pnij\u201d na dole ekranu, kt\u00f3ry wygl\u0105da jak kwadrat ze strza\u0142k\u0105 skierowan\u0105 w g\u00f3r\u0119.<\/li>\n<li>Przewi\u0144 opcje i kliknij \u201eDodaj do ekranu g\u0142\u00f3wnego\u201d w menu.<\/li>\n<li>W razie potrzeby zmie\u0144 nazw\u0119 aplikacji i kliknij \u201eDodaj\u201d w prawym g\u00f3rnym rogu, aby zako\u0144czy\u0107 instalacj\u0119.<\/li>\n<\/ol>\n<p>Ikona Incaspin znajduje si\u0119 teraz obok innych aplikacji, co u\u0142atwia dost\u0119p do niej bez zajmowania du\u017cej ilo\u015bci miejsca na urz\u0105dzeniu. Je\u015bli napotkasz jakiekolwiek problemy z instalacj\u0105 lub procesem weryfikacji, skontaktuj si\u0119 z zespo\u0142em wsparcia poprzez czat na \u017cywo lub e-mail.<\/p>\n<p><img loading=\"lazy\" decoding=\"async\" src=\"https:\/\/inca-spin.net\/wp-content\/uploads\/2025\/11\/Incaspin-iOS.webp\" alt=\"Incaspin iOS\" width=\"1248\" height=\"536\" \/><\/p>\n<\/div><\/div><div style=\"clear: both\"><\/div><div class=\"d-flex justify-content-center\"><button data-item=\"decouvrez_link\" data-group=\"website_links\" class=\"goto fw-bold rounded-pill btn btn-orange\" aria-label=\"Pobierz Incaspin\" >Pobierz Incaspin<\/button><\/div><div class=\"scrollable-content-wrap my-5\"><div class=\"scrollable-content-inner\"><h2>Graj w Inca Spin w przegl\u0105darce<\/h2>\n<p>Gracze na komputerach stacjonarnych mog\u0105 u\u017cywa\u0107 dowolnej nowoczesnej przegl\u0105darki internetowej, aby uzyska\u0107 dost\u0119p do pe\u0142nej platformy Incaspin, bez konieczno\u015bci pobierania dodatkowego oprogramowania. Chrome, Safari, Firefox i Edge \u2014 wszystkie mog\u0105 by\u0107 u\u017cywane do dost\u0119pu do opartego na przegl\u0105darce interfejsu kasyna, kt\u00f3ry ma te same funkcje co wersje mobilne. Responsywny design dostosowuje si\u0119 do rozmiaru ekranu, niezale\u017cnie od tego, czy u\u017cywasz laptopa, monitora stacjonarnego czy tabletu w orientacji poziomej.<\/p>\n<p>Aby utworzy\u0107 skr\u00f3t na pulpicie, przejd\u017a na stron\u0119 kasyna i u\u017cyj narz\u0119dzi do zak\u0142adek lub skr\u00f3t\u00f3w w swojej przegl\u0105darce. U\u017cytkownicy systemu Windows mog\u0105 przeci\u0105gn\u0105\u0107 adres URL na pulpit, podczas gdy u\u017cytkownicy Maca mog\u0105 doda\u0107 stron\u0119 do swojego Docka. Metoda oparta na przegl\u0105darce pozwala gra\u0107 w najnowsz\u0105 wersj\u0119 bez obaw o r\u0119czne aktualizacje lub problemy z kompatybilno\u015bci\u0105.<\/p>\n<p><img loading=\"lazy\" decoding=\"async\" src=\"https:\/\/inca-spin.net\/wp-content\/uploads\/2025\/11\/Incaspin-Desktop.webp\" alt=\"Incaspin Desktop\" width=\"1248\" height=\"536\" \/><\/p>\n<\/div><\/div><div style=\"clear: both\"><\/div><div class=\"d-flex justify-content-center\"><button data-item=\"decouvrez_link\" data-group=\"website_links\" class=\"goto fw-bold rounded-pill btn btn-orange\" aria-label=\"Pobierz aplikacj\u0119 Incaspin\" >Pobierz aplikacj\u0119 Incaspin<\/button><\/div><div class=\"scrollable-content-wrap my-5\"><div class=\"scrollable-content-inner\"><h2>Korzy\u015bci i funkcje aplikacji Incaspin<\/h2>\n<table>\n<tbody>\n<tr>\n<td>Funkcja<\/td>\n<td>Aplikacja mobilna<\/td>\n<td>Przegl\u0105darka na komputerze<\/td>\n<\/tr>\n<tr>\n<td>Czas instalacji<\/td>\n<td>Mniej ni\u017c 60 sekund<\/td>\n<td>Natychmiastowy dost\u0119p<\/td>\n<\/tr>\n<tr>\n<td>Wymagane miejsce do przechowywania<\/td>\n<td>Minimalny (poni\u017cej 5 MB)<\/td>\n<td>Nie potrzeba przechowywania<\/td>\n<\/tr>\n<tr>\n<td>Biblioteka gier<\/td>\n<td>Pe\u0142ny katalog dost\u0119pny<\/td>\n<td>Pe\u0142ny katalog dost\u0119pny<\/td>\n<\/tr>\n<tr>\n<td>Sterowanie dotykowe<\/td>\n<td>Zoptymalizowany dla urz\u0105dze\u0144 mobilnych<\/td>\n<td>Mysz i klawiatura<\/td>\n<\/tr>\n<\/tbody>\n<\/table>\n<p>Aplikacja mobilna jest \u0142atwiejsza w przenoszeniu, ale nie odbiera to do\u015bwiadczenia gamingowego, kt\u00f3re uzyskasz na komputerze stacjonarnym. Na smartfonach i tabletach ka\u017cda maszyna do gier, gra sto\u0142owa i gra z live dealerem z g\u0142\u00f3wnej biblioteki dzia\u0142a idealnie. Niezale\u017cnie od rozmiaru u\u017cywanego urz\u0105dzenia, interfejs automatycznie dostosuje si\u0119 do ekranu. Dzi\u0119ki temu nadal b\u0119dziesz mie\u0107 \u0142atwy dost\u0119p do przycisk\u00f3w i wyra\u017an\u0105 grafik\u0119.<\/p>\n<p>W przypadku wielu typ\u00f3w gier zoptymalizowane sterowanie dotykowe u\u0142atwia gr\u0119 na urz\u0105dzeniu mobilnym w por\u00f3wnaniu z u\u017cywaniem myszy. U\u017cywaj naturalnych gest\u00f3w, aby kr\u0119ci\u0107 automatami online, obstawia\u0107 zak\u0142ady i przybli\u017ca\u0107 szczeg\u00f3\u0142y gry.<\/p>\n<p>Tryb offline nie jest dost\u0119pny, poniewa\u017c wszystkie gry wymagaj\u0105 po\u0142\u0105czenia z serwerem w celu zapewnienia uczciwej gry i transakcji pieni\u0119\u017cnych. Jednak aplikacja uruchamia si\u0119 szybciej ni\u017c otwarcie przegl\u0105darki mobilnej i wpisywanie adresu strony. Oszcz\u0119dza to czas, gdy chcesz od razu zacz\u0105\u0107 gra\u0107. Dzi\u0119ki dedykowanej ikonie na ekranie g\u0142\u00f3wnym nie musisz pami\u0119ta\u0107 adres\u00f3w URL ani przegl\u0105da\u0107 zak\u0142adek w przegl\u0105darce, aby znale\u017a\u0107 to, czego potrzebujesz.<\/p>\n<p>Wszystkie transfery danych s\u0105 chronione szyfrowaniem SSL 256-bit, tym samym poziomem bezpiecze\u0144stwa, co na komputerach stacjonarnych. Wszystkie transakcje s\u0105 obs\u0142ugiwane przez bezpieczne po\u0142\u0105czenia serwerowe, wi\u0119c aplikacja nigdy nie przechowuje wra\u017cliwych informacji o p\u0142atno\u015bciach na Twoim urz\u0105dzeniu.<\/p>\n<p>Wydajno\u015b\u0107 jest taka sama we wszystkich generacjach urz\u0105dze\u0144. Starsze smartfony mog\u0105 uruchamia\u0107 aplikacj\u0119 tak samo p\u0142ynnie jak najnowsze modele. Architektura progresywnej aplikacji internetowej wymaga jedynie niewielkiej ilo\u015bci zasob\u00f3w systemowych, wi\u0119c dzia\u0142a na urz\u0105dzeniach wydanych w ci\u0105gu ostatnich kilku lat. Regularne automatyczne aktualizacje dodaj\u0105 nowe funkcje i zwi\u0119kszaj\u0105 bezpiecze\u0144stwo aplikacji, wi\u0119c za ka\u017cdym razem nie musisz ich pobiera\u0107 ze sklep\u00f3w z aplikacjami.<\/p>\n<h2>FAQ<\/h2>\n<h3>Czy aplikacja Inca Spin dzia\u0142a zar\u00f3wno na iOS, jak i Androidzie?<\/h3>\n<p>Tak, aplikacja Incaspin dzia\u0142a zar\u00f3wno na urz\u0105dzeniach z iOS, jak i Androidem dzi\u0119ki technologii progresywnych aplikacji internetowych (PWA). U\u017cytkownicy Androida mog\u0105 pobra\u0107 j\u0105 bezpo\u015brednio ze strony kasyna za pomoc\u0105 przegl\u0105darki Chrome, podczas gdy u\u017cytkownicy iOS mog\u0105 to zrobi\u0107 przez menu udost\u0119pniania w Safari. Obie wersje daj\u0105 dost\u0119p do pe\u0142nej biblioteki gier i tych samych funkcji.<\/p>\n<h3>Czy musz\u0119 r\u0119cznie aktualizowa\u0107 aplikacj\u0119?<\/h3>\n<p>Aplikacja aktualizuje si\u0119 automatycznie za ka\u017cdym razem, gdy j\u0105 otwierasz, wi\u0119c nie musisz nic robi\u0107. Kiedy uruchamiasz platform\u0119, architektura progresywnej aplikacji internetowej natychmiast zapewnia najnowsze funkcje i lepsze bezpiecze\u0144stwo.<\/p>\n<h3>Czy mog\u0119 gra\u0107 we wszystkie gry na moim telefonie?<\/h3>\n<p>Ka\u017cda gra z katalogu Incaspin mo\u017ce by\u0107 odtwarzana w podr\u00f3\u017cy za pomoc\u0105 mobilnej kasyna aplikacji. Automaty, gry sto\u0142owe, gry z live dealerem i gry specjalistyczne dzia\u0142aj\u0105 tak samo, jak na komputerze. Tw\u00f3rcy gier zapewniaj\u0105, \u017ce ich gry dobrze dzia\u0142aj\u0105 na wszystkich urz\u0105dzeniach, optymalizuj\u0105c tre\u015b\u0107 pod k\u0105tem rozgrywki mobilnej.<\/p>\n<h3>Czy aplikacja jest tak samo bezpieczna jak strona internetowa?<\/h3>\n<p>Standardy szyfrowania i protoko\u0142y uwierzytelniania u\u017cywane dla urz\u0105dze\u0144 mobilnych s\u0105 takie same jak te u\u017cywane dla komputer\u00f3w stacjonarnych. Aplikacja wykorzystuje te same bezpieczne serwery i \u015brodki ochrony danych co strona internetowa, aby chroni\u0107 Twoje dane.<\/p>\n<\/div><\/div><\/p>\n","protected":false},"excerpt":{"rendered":"<p>Aplikacja Incaspin na iOS i Androida Dzi\u0119ki Incaspin app mo\u017cesz gra\u0107 we wszystkie gry kasynowe bezpo\u015brednio na swoim telefonie. Aplikacja dzia\u0142a p\u0142ynnie i daje Ci natychmiastowy dost\u0119p do tysi\u0119cy gier. Platforma obs\u0142uguje gr\u0119 na Androidzie, iOS i w przegl\u0105darkach internetowych bez utraty jako\u015bci lub funkcji. Dzi\u0119ki technologii progresywnej aplikacji internetowej (PWA) mo\u017cesz zacz\u0105\u0107 gra\u0107 od [&hellip;]<\/p>\n","protected":false},"author":1,"featured_media":0,"parent":0,"menu_order":0,"comment_status":"closed","ping_status":"closed","template":"template-builder.php","meta":{"_acf_changed":false,"inline_featured_image":false,"footnotes":""},"class_list":["post-870","page","type-page","status-publish","hentry"],"acf":[],"yoast_head":"<!-- This site is optimized with the Yoast SEO plugin v27.3 - https:\/\/yoast.com\/product\/yoast-seo-wordpress\/ -->\n<title>Pobierz Incaspin Casino App | Graj w podr\u00f3\u017cy<\/title>\n<meta name=\"description\" content=\"Twoje ulubione sloty s\u0105 zawsze gotowe do gry na smartfonie lub tablecie. Pobierz Inca Spin app i graj natychmiast, a wszystkie dane Twojego konta, metody p\u0142atno\u015bci i bonusy b\u0119d\u0105 idealnie zsynchronizowane.\" \/>\n<meta name=\"robots\" content=\"index, follow, max-snippet:-1, max-image-preview:large, max-video-preview:-1\" \/>\n<link rel=\"canonical\" href=\"https:\/\/inca-spin.net\/pl\/aplikacja\/\" \/>\n<meta property=\"og:locale\" content=\"pl_PL\" \/>\n<meta property=\"og:type\" content=\"article\" \/>\n<meta property=\"og:title\" content=\"Pobierz Incaspin Casino App | Graj w podr\u00f3\u017cy\" \/>\n<meta property=\"og:description\" content=\"Twoje ulubione sloty s\u0105 zawsze gotowe do gry na smartfonie lub tablecie. Pobierz Inca Spin app i graj natychmiast, a wszystkie dane Twojego konta, metody p\u0142atno\u015bci i bonusy b\u0119d\u0105 idealnie zsynchronizowane.\" \/>\n<meta property=\"og:url\" content=\"https:\/\/inca-spin.net\/pl\/aplikacja\/\" \/>\n<meta property=\"og:site_name\" content=\"incaspin\" \/>\n<meta property=\"article:modified_time\" content=\"2025-12-04T10:00:22+00:00\" \/>\n<meta name=\"twitter:card\" content=\"summary_large_image\" \/>\n<meta name=\"twitter:label1\" content=\"Est. reading time\" \/>\n\t<meta name=\"twitter:data1\" content=\"1 minute\" \/>\n<script type=\"application\/ld+json\" class=\"yoast-schema-graph\">{\"@context\":\"https:\\\/\\\/schema.org\",\"@graph\":[{\"@type\":\"WebPage\",\"@id\":\"https:\\\/\\\/inca-spin.net\\\/pl\\\/aplikacja\\\/\",\"url\":\"https:\\\/\\\/inca-spin.net\\\/pl\\\/aplikacja\\\/\",\"name\":\"Pobierz Incaspin Casino App | Graj w podr\u00f3\u017cy\",\"isPartOf\":{\"@id\":\"https:\\\/\\\/inca-spin.net\\\/pl\\\/#website\"},\"datePublished\":\"2025-11-27T08:20:20+00:00\",\"dateModified\":\"2025-12-04T10:00:22+00:00\",\"description\":\"Twoje ulubione sloty s\u0105 zawsze gotowe do gry na smartfonie lub tablecie. Pobierz Inca Spin app i graj natychmiast, a wszystkie dane Twojego konta, metody p\u0142atno\u015bci i bonusy b\u0119d\u0105 idealnie zsynchronizowane.\",\"breadcrumb\":{\"@id\":\"https:\\\/\\\/inca-spin.net\\\/pl\\\/aplikacja\\\/#breadcrumb\"},\"inLanguage\":\"pl-PL\",\"potentialAction\":[{\"@type\":\"ReadAction\",\"target\":[\"https:\\\/\\\/inca-spin.net\\\/pl\\\/aplikacja\\\/\"]}]},{\"@type\":\"BreadcrumbList\",\"@id\":\"https:\\\/\\\/inca-spin.net\\\/pl\\\/aplikacja\\\/#breadcrumb\",\"itemListElement\":[{\"@type\":\"ListItem\",\"position\":1,\"name\":\"Incaspin\",\"item\":\"https:\\\/\\\/inca-spin.net\\\/pl\\\/\"},{\"@type\":\"ListItem\",\"position\":2,\"name\":\"Aplikacja\"}]},{\"@type\":\"WebSite\",\"@id\":\"https:\\\/\\\/inca-spin.net\\\/pl\\\/#website\",\"url\":\"https:\\\/\\\/inca-spin.net\\\/pl\\\/\",\"name\":\"Incaspin\",\"description\":\"\",\"publisher\":{\"@id\":\"https:\\\/\\\/inca-spin.net\\\/pl\\\/#organization\"},\"potentialAction\":[{\"@type\":\"SearchAction\",\"target\":{\"@type\":\"EntryPoint\",\"urlTemplate\":\"https:\\\/\\\/inca-spin.net\\\/pl\\\/?s={search_term_string}\"},\"query-input\":{\"@type\":\"PropertyValueSpecification\",\"valueRequired\":true,\"valueName\":\"search_term_string\"}}],\"inLanguage\":\"pl-PL\"},{\"@type\":\"Organization\",\"@id\":\"https:\\\/\\\/inca-spin.net\\\/pl\\\/#organization\",\"name\":\"Incaspin\",\"url\":\"https:\\\/\\\/inca-spin.net\\\/pl\\\/\",\"logo\":{\"@type\":\"ImageObject\",\"inLanguage\":\"pl-PL\",\"@id\":\"https:\\\/\\\/inca-spin.net\\\/pl\\\/#\\\/schema\\\/logo\\\/image\\\/\",\"url\":\"https:\\\/\\\/inca-spin.net\\\/wp-content\\\/uploads\\\/2025\\\/06\\\/80u1FaquEZeR6OUTeJCc-1.svg\",\"contentUrl\":\"https:\\\/\\\/inca-spin.net\\\/wp-content\\\/uploads\\\/2025\\\/06\\\/80u1FaquEZeR6OUTeJCc-1.svg\",\"width\":63,\"height\":24,\"caption\":\"Incaspin\"},\"image\":{\"@id\":\"https:\\\/\\\/inca-spin.net\\\/pl\\\/#\\\/schema\\\/logo\\\/image\\\/\"}}]}<\/script>\n<!-- \/ Yoast SEO plugin. -->","yoast_head_json":{"title":"Pobierz Incaspin Casino App | Graj w podr\u00f3\u017cy","description":"Twoje ulubione sloty s\u0105 zawsze gotowe do gry na smartfonie lub tablecie. Pobierz Inca Spin app i graj natychmiast, a wszystkie dane Twojego konta, metody p\u0142atno\u015bci i bonusy b\u0119d\u0105 idealnie zsynchronizowane.","robots":{"index":"index","follow":"follow","max-snippet":"max-snippet:-1","max-image-preview":"max-image-preview:large","max-video-preview":"max-video-preview:-1"},"canonical":"https:\/\/inca-spin.net\/pl\/aplikacja\/","og_locale":"pl_PL","og_type":"article","og_title":"Pobierz Incaspin Casino App | Graj w podr\u00f3\u017cy","og_description":"Twoje ulubione sloty s\u0105 zawsze gotowe do gry na smartfonie lub tablecie. Pobierz Inca Spin app i graj natychmiast, a wszystkie dane Twojego konta, metody p\u0142atno\u015bci i bonusy b\u0119d\u0105 idealnie zsynchronizowane.","og_url":"https:\/\/inca-spin.net\/pl\/aplikacja\/","og_site_name":"incaspin","article_modified_time":"2025-12-04T10:00:22+00:00","twitter_card":"summary_large_image","twitter_misc":{"Est. reading time":"1 minute"},"schema":{"@context":"https:\/\/schema.org","@graph":[{"@type":"WebPage","@id":"https:\/\/inca-spin.net\/pl\/aplikacja\/","url":"https:\/\/inca-spin.net\/pl\/aplikacja\/","name":"Pobierz Incaspin Casino App | Graj w podr\u00f3\u017cy","isPartOf":{"@id":"https:\/\/inca-spin.net\/pl\/#website"},"datePublished":"2025-11-27T08:20:20+00:00","dateModified":"2025-12-04T10:00:22+00:00","description":"Twoje ulubione sloty s\u0105 zawsze gotowe do gry na smartfonie lub tablecie. Pobierz Inca Spin app i graj natychmiast, a wszystkie dane Twojego konta, metody p\u0142atno\u015bci i bonusy b\u0119d\u0105 idealnie zsynchronizowane.","breadcrumb":{"@id":"https:\/\/inca-spin.net\/pl\/aplikacja\/#breadcrumb"},"inLanguage":"pl-PL","potentialAction":[{"@type":"ReadAction","target":["https:\/\/inca-spin.net\/pl\/aplikacja\/"]}]},{"@type":"BreadcrumbList","@id":"https:\/\/inca-spin.net\/pl\/aplikacja\/#breadcrumb","itemListElement":[{"@type":"ListItem","position":1,"name":"Incaspin","item":"https:\/\/inca-spin.net\/pl\/"},{"@type":"ListItem","position":2,"name":"Aplikacja"}]},{"@type":"WebSite","@id":"https:\/\/inca-spin.net\/pl\/#website","url":"https:\/\/inca-spin.net\/pl\/","name":"Incaspin","description":"","publisher":{"@id":"https:\/\/inca-spin.net\/pl\/#organization"},"potentialAction":[{"@type":"SearchAction","target":{"@type":"EntryPoint","urlTemplate":"https:\/\/inca-spin.net\/pl\/?s={search_term_string}"},"query-input":{"@type":"PropertyValueSpecification","valueRequired":true,"valueName":"search_term_string"}}],"inLanguage":"pl-PL"},{"@type":"Organization","@id":"https:\/\/inca-spin.net\/pl\/#organization","name":"Incaspin","url":"https:\/\/inca-spin.net\/pl\/","logo":{"@type":"ImageObject","inLanguage":"pl-PL","@id":"https:\/\/inca-spin.net\/pl\/#\/schema\/logo\/image\/","url":"https:\/\/inca-spin.net\/wp-content\/uploads\/2025\/06\/80u1FaquEZeR6OUTeJCc-1.svg","contentUrl":"https:\/\/inca-spin.net\/wp-content\/uploads\/2025\/06\/80u1FaquEZeR6OUTeJCc-1.svg","width":63,"height":24,"caption":"Incaspin"},"image":{"@id":"https:\/\/inca-spin.net\/pl\/#\/schema\/logo\/image\/"}}]}},"_links":{"self":[{"href":"https:\/\/inca-spin.net\/pl\/wp-json\/wp\/v2\/pages\/870","targetHints":{"allow":["GET"]}}],"collection":[{"href":"https:\/\/inca-spin.net\/pl\/wp-json\/wp\/v2\/pages"}],"about":[{"href":"https:\/\/inca-spin.net\/pl\/wp-json\/wp\/v2\/types\/page"}],"author":[{"embeddable":true,"href":"https:\/\/inca-spin.net\/pl\/wp-json\/wp\/v2\/users\/1"}],"replies":[{"embeddable":true,"href":"https:\/\/inca-spin.net\/pl\/wp-json\/wp\/v2\/comments?post=870"}],"version-history":[{"count":2,"href":"https:\/\/inca-spin.net\/pl\/wp-json\/wp\/v2\/pages\/870\/revisions"}],"predecessor-version":[{"id":1440,"href":"https:\/\/inca-spin.net\/pl\/wp-json\/wp\/v2\/pages\/870\/revisions\/1440"}],"wp:attachment":[{"href":"https:\/\/inca-spin.net\/pl\/wp-json\/wp\/v2\/media?parent=870"}],"curies":[{"name":"wp","href":"https:\/\/api.w.org\/{rel}","templated":true}]}}